{"id":22596,"date":"2019-05-15T10:59:03","date_gmt":"2019-05-15T10:59:03","guid":{"rendered":"http:\/\/turkishrussianfestival.com\/?page_id=22596"},"modified":"2019-05-15T10:59:05","modified_gmt":"2019-05-15T10:59:05","slug":"11-may-2019-3","status":"publish","type":"page","link":"http:\/\/turkishrussianfestival.com\/?page_id=22596","title":{"rendered":"11 MAY 2019"},"content":{"rendered":"<p>[vc_row row_type=&#8221;row&#8221; use_row_as_full_screen_section=&#8221;no&#8221; type=&#8221;full_width&#8221; text_align=&#8221;left&#8221; background_animation=&#8221;none&#8221; css_animation=&#8221;&#8221;][vc_column width=&#8221;1\/4&#8243;][\/vc_column][vc_column width=&#8221;1\/2&#8243;][vc_gallery interval=&#8221;3&#8243; images=&#8221;22587,22584,22581,22590&#8243; img_size=&#8221;medium&#8221; onclick=&#8221;img_link_large&#8221; custom_links_target=&#8221;_blank&#8221;][\/vc_column][vc_column width=&#8221;1\/4&#8243;][\/vc_column][\/vc_row][vc_row row_type=&#8221;row&#8221; use_row_as_full_screen_section=&#8221;no&#8221; type=&#8221;full_width&#8221; text_align=&#8221;left&#8221; background_animation=&#8221;none&#8221; css_animation=&#8221;&#8221;][vc_column][vc_column_text]<span style=\"color: #000000;\"><strong>Turkish Russian Classical Music Festival Ended with Piazzolla-Gala Night<\/strong><\/span><\/p>\n<p>&nbsp;<\/p>\n<p><span style=\"color: #000000;\">Antalya, Turkey\u2019s tourism capital, has drawn great attention by Russian tourists, and recently hosted a new classical music festival. The Turkish Russian Classical Music Festival ended on May 11<sup>th<\/sup>, with a closing concert titled \u201cPiazzolla-Gala\u201d. The festival was very well-received by art-lovers, and featured internationally acclaimed Violin Virtuoso and Conductor Vladimir Spivakov as the General Art Director at the Side Ancient Theatre.<\/span><\/p>\n<p><span style=\"color: #000000;\">Vladimir Spivakov, one of the greatest violinists of our time, as well as the Moscow Virtuosi Chamber Orchestra, accompanied the talented Russian accordionist Nikita Vlasov, and the soloists of the Moscow Virtuosi Chamber Orchestra for the closing concert titled \u201cPiazzolla-Gala\u201d, on the evening of May 11. The closing concert featured the unique and romantic works of Astor Piazzolla, and enchanted art lovers who filled the Side Ancient Theatre.<\/span><\/p>\n<p>&nbsp;<\/p>\n<p><span style=\"color: #000000;\">The first concert of the Turkish Russian Classical Music Festival, on Wednesday May 8<sup>th<\/sup>, began with the works of \u201cComposers of Two Friendly Countries\u201d, by Turkish Composer Nevit Kodalli and Russian Composer Shostakovich. Russian soprano singer Anna Aglatova then performed some of the most popular arias of opera. Known as \u201cthe sister of Cecilia Bartoli\u201d in Europe, the young artist&#8217;s solo talent was rewarded with great acclaim. At the end of the concert, world-renowned Turkish pianist and composer Faz\u0131l Say performed Mozart&#8217;s \u201c12th Piano Concerto\u201d solo. Say, who was watched with great attention and admiration by the crowd, came to the stage in response to the intense interest and applause. He played his \u201cBlack Earth\u201d piece with a surprise collage, connecting it with the tune of \u201cMountains of Izmir\u201d, and then finishing with a piece from \u00c2\u015f\u0131k Veysel. Art lovers filling the theatre enjoyed this unique improvisation.<\/span><\/p>\n<p><span style=\"color: #000000;\">The second concert of the Turkish Russian Classical Music Festival, on Thursday May 9th, saw the Moscow Chamber of Virtuosos Orchestra welcome Spivakov as chief and soloist for Vivaldi\u2019s \u201cViolin Concerto\u201d. Later, under Spivakov, the Moscow Virtuosi Chamber Orchestra accompanied Sergey Zhuravel, one of the most successful flutists in Russia, for Vivaldi&#8217;s \u201cFlute Concerto\u201d. The concert ended with the works of Boccherini and Tchaikovsky.<\/span><\/p>\n<p>&nbsp;<\/p>\n<p><span style=\"color: #000000;\">In regards to the concert he gave alongside the festival&#8217;s permanent orchestra, the Moscow Virtuosi Chamber Orchestra, to celebrate its 40th anniversary, Vladimir Spivakov stated that it had been their most thrilling concert in recent years. He said, \u2018\u2019The Turkish Russian Festival was not only delightful for you, but also for us. We especially want to thank Barut Hotels. We were very happy to be here with you for three days, and we will carry these memories in our hearts for a long time. We wish health and happiness to you, your children, and your families, and all the best to your country. We hope to see you again.\u2019\u2019<\/span><\/p>\n<p>&nbsp;<\/p>\n<p><span style=\"color: #000000;\">The Turkish Russian Classical Music Festival was organised by Barut Hotels, one of the most important tourism groups, that have implemented social responsibility projects to benefit society in several aspects, such as culture, art, history, nature and sports. Following the two countries declaring 2019 as \u201dthe Turkish-Russian Culture and Tourism Year\u2019\u2019, Barut Hotels Chairman Haydar Barut stated that they aimed to consolidate and celebrate their long-standing friendship with music, and added, \u201cWe have contributed to such a special year with the Turkish Russian Classical Music Festival at Side Ancient Theatre. Following the immense interest, we would like to thank all those who made such a great effort, and mainly our artists.\u201d<\/span>[\/vc_column_text][\/vc_column][\/vc_row][vc_row row_type=&#8221;row&#8221; use_row_as_full_screen_section=&#8221;no&#8221; type=&#8221;full_width&#8221; text_align=&#8221;left&#8221; background_animation=&#8221;none&#8221; css_animation=&#8221;&#8221;][vc_column][vc_empty_space][\/vc_column][\/vc_row][vc_row row_type=&#8221;row&#8221; use_row_as_full_screen_section=&#8221;no&#8221; type=&#8221;full_width&#8221; text_align=&#8221;left&#8221; background_animation=&#8221;none&#8221; css_animation=&#8221;&#8221;][vc_column][\/vc_column][\/vc_row][vc_row row_type=&#8221;row&#8221; use_row_as_full_screen_section=&#8221;no&#8221; type=&#8221;full_width&#8221; text_align=&#8221;left&#8221; background_animation=&#8221;none&#8221; css_animation=&#8221;&#8221;][vc_column][vc_empty_space][vc_empty_space][\/vc_column][\/vc_row]<\/p>\n","protected":false},"excerpt":{"rendered":"<p>[vc_row row_type=&#8221;row&#8221; use_row_as_full_screen_section=&#8221;no&#8221; type=&#8221;full_width&#8221; text_align=&#8221;left&#8221; background_animation=&#8221;none&#8221; css_animation=&#8221;&#8221;][vc_column width=&#8221;1\/4&#8243;][\/vc_column][vc_column width=&#8221;1\/2&#8243;][vc_gallery interval=&#8221;3&#8243; images=&#8221;22587,22584,22581,22590&#8243; img_size=&#8221;medium&#8221; onclick=&#8221;img_link_large&#8221; custom_links_target=&#8221;_blank&#8221;][\/vc_column][vc_column width=&#8221;1\/4&#8243;][\/vc_column][\/vc_row][vc_row row_type=&#8221;row&#8221; use_row_as_full_screen_section=&#8221;no&#8221; type=&#8221;full_width&#8221; text_align=&#8221;left&#8221; background_animation=&#8221;none&#8221; css_animation=&#8221;&#8221;][vc_column][vc_column_text]Turkish Russian Classical Music Festival Ended with Piazzolla-Gala Night &nbsp; Antalya, Turkey\u2019s tourism capital, has drawn great attention by Russian tourists, and recently hosted a&#8230;<\/p>\n","protected":false},"author":1,"featured_media":0,"parent":0,"menu_order":0,"comment_status":"closed","ping_status":"closed","template":"","meta":[],"_links":{"self":[{"href":"http:\/\/turkishrussianfestival.com\/index.php?rest_route=\/wp\/v2\/pages\/22596"}],"collection":[{"href":"http:\/\/turkishrussianfestival.com\/index.php?rest_route=\/wp\/v2\/pages"}],"about":[{"href":"http:\/\/turkishrussianfestival.com\/index.php?rest_route=\/wp\/v2\/types\/page"}],"author":[{"embeddable":true,"href":"http:\/\/turkishrussianfestival.com\/index.php?rest_route=\/wp\/v2\/users\/1"}],"replies":[{"embeddable":true,"href":"http:\/\/turkishrussianfestival.com\/index.php?rest_route=%2Fwp%2Fv2%2Fcomments&post=22596"}],"version-history":[{"count":2,"href":"http:\/\/turkishrussianfestival.com\/index.php?rest_route=\/wp\/v2\/pages\/22596\/revisions"}],"predecessor-version":[{"id":22598,"href":"http:\/\/turkishrussianfestival.com\/index.php?rest_route=\/wp\/v2\/pages\/22596\/revisions\/22598"}],"wp:attachment":[{"href":"http:\/\/turkishrussianfestival.com\/index.php?rest_route=%2Fwp%2Fv2%2Fmedia&parent=22596"}],"curies":[{"name":"wp","href":"https:\/\/api.w.org\/{rel}","templated":true}]}}