{"id":22579,"date":"2019-05-12T07:26:25","date_gmt":"2019-05-12T07:26:25","guid":{"rendered":"http:\/\/turkishrussianfestival.com\/?page_id=22579"},"modified":"2019-05-12T07:26:25","modified_gmt":"2019-05-12T07:26:25","slug":"basin-2-2","status":"publish","type":"page","link":"http:\/\/turkishrussianfestival.com\/?page_id=22579","title":{"rendered":"11 MAYIS 2019"},"content":{"rendered":"<p>[vc_row row_type=&#8221;row&#8221; use_row_as_full_screen_section=&#8221;no&#8221; type=&#8221;full_width&#8221; text_align=&#8221;left&#8221; background_animation=&#8221;none&#8221; css_animation=&#8221;&#8221;][vc_column width=&#8221;1\/4&#8243;][\/vc_column][vc_column width=&#8221;1\/2&#8243;][vc_gallery interval=&#8221;3&#8243; images=&#8221;22586,22583,22580,22589&#8243; img_size=&#8221;medium&#8221; onclick=&#8221;img_link_large&#8221; custom_links_target=&#8221;_blank&#8221;][\/vc_column][vc_column width=&#8221;1\/4&#8243;][\/vc_column][\/vc_row][vc_row row_type=&#8221;row&#8221; use_row_as_full_screen_section=&#8221;no&#8221; type=&#8221;full_width&#8221; text_align=&#8221;left&#8221; background_animation=&#8221;none&#8221; css_animation=&#8221;&#8221;][vc_column][vc_column_text]<strong>T\u00fcrk Rus Klasik M\u00fc<\/strong><strong>zik Festivali, Piazzolla Gecesi <\/strong><strong>i<\/strong><strong>le Noktaland\u0131<\/strong><\/p>\n<p>&nbsp;<\/p>\n<p>T\u00fcrkiye\u2019nin turizm ba\u015fkenti olarak g\u00f6sterilen ve Rus turistler taraf\u0131ndan da yo\u011fun ilgi g\u00f6ren Antalya, yeni bir klasik m\u00fczik festivaline ev sahipli\u011fi yapt\u0131. 11 May\u0131s\u2019ta \u201cPiazzolla-Gala\u201d ba\u015fl\u0131kl\u0131 kapan\u0131\u015f konseriyle T\u00fcrk Rus Klasik M\u00fczik Festivali, sanatseverlerin yo\u011fun ilgisi ile sona erdi. Side Antik Tiyatrosu\u2019nda, uluslararas\u0131 \u00fcne sahip Keman Virt\u00fc\u00f6z\u00fc ve Orkestra \u015eefi Vladimir Spivakov\u2019un Genel Sanat Y\u00f6netmeni oldu\u011fu festival, yerli ve yabanc\u0131 sanatseverlerin yo\u011fun ilgisiyle kar\u015f\u0131land\u0131.<\/p>\n<p>&nbsp;<\/p>\n<p>Festivalin Genel Sanat Y\u00f6netmeni ve g\u00fcn\u00fcm\u00fcz\u00fcn en b\u00fcy\u00fck keman sanat\u00e7\u0131lar\u0131 aras\u0131nda yer alan \u015eef Vladimir Spivakov ile Moskova Virt\u00fc\u00f6zleri Oda Orkestras\u0131; en yetenekli gen\u00e7 ku\u015fak Rus sanat\u00e7\u0131lar aras\u0131nda g\u00f6sterilen akordeon sanat\u00e7\u0131s\u0131 Nikita Vlasov ile orkestran\u0131n kendi \u00fcyeleri olan Moskova Virt\u00fc\u00f6zleri Oda Orkestras\u0131 solistlerine, 11 May\u0131s ak\u015fam\u0131 \u201cPiazzolla-Gala\u201d ba\u015fl\u0131kl\u0131 kapan\u0131\u015f konserinde e\u015flik etti. Y\u00fczy\u0131l\u0131n romantik eserleri i\u00e7inde daima \u00f6zel bir yeri olan Astor Piazzolla\u2019n\u0131n e\u015fsiz eserlerinden olu\u015fan kapan\u0131\u015f konseri, Side Antik Tiyatrosu\u2019nu dolduran sanatseverleri hayran b\u0131rakt\u0131.<\/p>\n<p>&nbsp;<\/p>\n<p>T\u00fcrk Rus Klasik M\u00fczik Festivali\u2019nin 8 May\u0131s \u00c7ar\u015famba ak\u015fam\u0131 ger\u00e7ekle\u015fen ilk konseri, \u201c\u0130ki Dost \u00dclkenin Bestecileri\u201d T\u00fcrk Besteci Nevit Kodall\u0131 ve Rus Besteci \u015eostakovi\u00e7 eserleri ile ba\u015flad\u0131. Ard\u0131ndan Soprano Anna Aglatova, opera literat\u00fcr\u00fcn\u00fcn en g\u00f6zde aryalar\u0131n\u0131 seslendirdi. Avrupa\u2019da \u201cCecilia Bartoli\u2019nin k\u0131z karde\u015fi\u201d olarak an\u0131lan gen\u00e7 sanat\u00e7\u0131n\u0131n solistlik becerisi alk\u0131\u015flarla \u00f6d\u00fcllendirildi. Konserin sonunda d\u00fcnyaca \u00fcnl\u00fc T\u00fcrk piyanist ve besteci Faz\u0131l Say, Mozart\u2019\u0131n \u201812.Piyano Kon\u00e7ertosu\u2019nda solist olarak sahneye \u00e7\u0131kt\u0131. Antik tiyatroyu dolduran yerli yabanc\u0131 sanatseverlerin dikkatle ve hayranl\u0131kla izledi\u011fi Say, yo\u011fun ilgi ve alk\u0131\u015fa cevaben sahneye geldi ve A\u015f\u0131k Veysel\u2019in ezgilerine yer verdi\u011fi Kara Toprak par\u00e7as\u0131n\u0131, s\u00fcrpriz bir kolajla \u0130zmir\u2019in Da\u011flar\u0131nda ezgisine ba\u011flayarak yeniden Veysel ile bitirdi. Tiyatroyu dolduran sanatseverler, bu e\u015fsiz do\u011fa\u00e7lamay\u0131 dakikalarca ve ayakta alk\u0131\u015flad\u0131.<\/p>\n<p>&nbsp;<\/p>\n<p>T\u00fcrk-Rus Klasik M\u00fczik Festivali\u2019nin 9 May\u0131s Per\u015fembe ak\u015famki ikinci konserinde Moskova Virt\u00fc\u00f6zleri Oda Orkestras\u0131; Spivakov\u2019u \u015fef ve solist olarak Vivaldi \u2018Keman Kon\u00e7ertosu\u2019 e\u015fli\u011finde a\u011f\u0131rlad\u0131. Sonras\u0131nda da Spivakov idaresinde, Rusya\u2019n\u0131n en ba\u015far\u0131l\u0131 fl\u00fct sanat\u00e7\u0131lar\u0131ndan olan Sergey Zhuravel\u2019e Vivaldi\u2019nin \u2018Fl\u00fct Kon\u00e7ertosu\u2019nda e\u015flik etti. Topluluk konserini, Spivakov idaresinde seslendirdi\u011fi, Boccherini ve \u00c7aykovski eserleriyle tamamlad\u0131.<\/p>\n<p>&nbsp;<\/p>\n<p>Vladimir Spivakov; Festivalin daimi orkestras\u0131 olan ve bu y\u0131l 40.y\u0131l\u0131n\u0131 kutlayan \u201cMoskova Virt\u00fc\u00f6zleri Oda Orkestras\u0131 ile verdi\u011fi konsere dair \u201cson y\u0131llarda ger\u00e7ekle\u015ftirdikleri en heyecan verici konsere imza att\u0131klar\u0131n\u0131\u201d belirterek \u015funlar\u0131 s\u00f6yledi: \u201cT\u00fcrk-Rus Festivali sadece sizin i\u00e7in de\u011fil, bizim i\u00e7in de \u00e7ok keyifliydi. \u00d6zellikle Barut Hotels\u2019e te\u015fekk\u00fcr ederiz. Sizinle \u00fc\u00e7 g\u00fcn birlikte olmaktan \u00e7ok mutlu olduk. Bu hat\u0131ray\u0131 uzun s\u00fcre kalbimizde ta\u015f\u0131yaca\u011f\u0131z. Size, \u00e7ocuklar\u0131n\u0131za ve ailenize sa\u011fl\u0131k ve mutluluk; \u00fclkenize de refah dolu g\u00fcnler diliyoruz. Yeniden g\u00f6r\u00fc\u015fmek \u00fczere!\u201d<\/p>\n<p>&nbsp;<\/p>\n<p>T\u00fcrk Rus Klasik M\u00fczik Festivali; K\u00fclt\u00fcr,\u00a0sanat, \u00a0tarih, do\u011fa, spor gibi bir\u00e7ok konuda toplum \u00a0yarar\u0131na sosyal sorumluluk projelerini hayata ge\u00e7iren \u00f6nemli turizm gruplar\u0131ndan Barut Hotels taraf\u0131ndan d\u00fczenlendi. \u0130ki \u00fclkenin 2019 y\u0131l\u0131n\u0131 \u201cT\u00fcrk \u2013 Rus K\u00fclt\u00fcr ve Turizm Y\u0131l\u0131\u201d ilan etti\u011fi anlaml\u0131 bir d\u00f6nemde; k\u00f6kl\u00fc dostlu\u011fu daha da peki\u015ftirmek ve m\u00fczikle sergilemek amac\u0131yla yola \u00e7\u0131kt\u0131klar\u0131n\u0131 belirten Evsahibi Barut Hotels Y\u00f6netim Kurulu Ba\u015fkan\u0131 Haydar Barut da yapt\u0131\u011f\u0131 a\u00e7\u0131klamada; \u201cB\u00f6ylesi bir \u00f6zel y\u0131la, Side Antik Tiyatrosu\u2019nda T\u00fcrk-Rus Klasik M\u00fczik Festivali ile katk\u0131da bulunduk. Yo\u011fun ilgiden dolay\u0131 ba\u015fta sanat\u00e7\u0131lar\u0131m\u0131z olmak \u00fczere emek veren herkese te\u015fekk\u00fcr ederiz\u201d dedi.[\/vc_column_text][\/vc_column][\/vc_row][vc_row row_type=&#8221;row&#8221; use_row_as_full_screen_section=&#8221;no&#8221; type=&#8221;full_width&#8221; text_align=&#8221;left&#8221; background_animation=&#8221;none&#8221; css_animation=&#8221;&#8221;][vc_column][vc_empty_space][\/vc_column][\/vc_row][vc_row row_type=&#8221;row&#8221; use_row_as_full_screen_section=&#8221;no&#8221; type=&#8221;full_width&#8221; text_align=&#8221;left&#8221; background_animation=&#8221;none&#8221; css_animation=&#8221;&#8221;][vc_column][\/vc_column][\/vc_row][vc_row row_type=&#8221;row&#8221; use_row_as_full_screen_section=&#8221;no&#8221; type=&#8221;full_width&#8221; text_align=&#8221;left&#8221; background_animation=&#8221;none&#8221; css_animation=&#8221;&#8221;][vc_column][vc_empty_space][vc_empty_space][\/vc_column][\/vc_row]<\/p>\n","protected":false},"excerpt":{"rendered":"<p>[vc_row row_type=&#8221;row&#8221; use_row_as_full_screen_section=&#8221;no&#8221; type=&#8221;full_width&#8221; text_align=&#8221;left&#8221; background_animation=&#8221;none&#8221; css_animation=&#8221;&#8221;][vc_column width=&#8221;1\/4&#8243;][\/vc_column][vc_column width=&#8221;1\/2&#8243;][vc_gallery interval=&#8221;3&#8243; images=&#8221;22586,22583,22580,22589&#8243; img_size=&#8221;medium&#8221; onclick=&#8221;img_link_large&#8221; custom_links_target=&#8221;_blank&#8221;][\/vc_column][vc_column width=&#8221;1\/4&#8243;][\/vc_column][\/vc_row][vc_row row_type=&#8221;row&#8221; use_row_as_full_screen_section=&#8221;no&#8221; type=&#8221;full_width&#8221; text_align=&#8221;left&#8221; background_animation=&#8221;none&#8221; css_animation=&#8221;&#8221;][vc_column][vc_column_text]T\u00fcrk Rus Klasik M\u00fczik Festivali, Piazzolla Gecesi ile Noktaland\u0131 &nbsp; T\u00fcrkiye\u2019nin turizm ba\u015fkenti olarak g\u00f6sterilen ve Rus turistler taraf\u0131ndan da yo\u011fun ilgi g\u00f6ren Antalya, yeni&#8230;<\/p>\n","protected":false},"author":1,"featured_media":0,"parent":0,"menu_order":0,"comment_status":"closed","ping_status":"closed","template":"","meta":[],"_links":{"self":[{"href":"http:\/\/turkishrussianfestival.com\/index.php?rest_route=\/wp\/v2\/pages\/22579"}],"collection":[{"href":"http:\/\/turkishrussianfestival.com\/index.php?rest_route=\/wp\/v2\/pages"}],"about":[{"href":"http:\/\/turkishrussianfestival.com\/index.php?rest_route=\/wp\/v2\/types\/page"}],"author":[{"embeddable":true,"href":"http:\/\/turkishrussianfestival.com\/index.php?rest_route=\/wp\/v2\/users\/1"}],"replies":[{"embeddable":true,"href":"http:\/\/turkishrussianfestival.com\/index.php?rest_route=%2Fwp%2Fv2%2Fcomments&post=22579"}],"version-history":[{"count":1,"href":"http:\/\/turkishrussianfestival.com\/index.php?rest_route=\/wp\/v2\/pages\/22579\/revisions"}],"predecessor-version":[{"id":22592,"href":"http:\/\/turkishrussianfestival.com\/index.php?rest_route=\/wp\/v2\/pages\/22579\/revisions\/22592"}],"wp:attachment":[{"href":"http:\/\/turkishrussianfestival.com\/index.php?rest_route=%2Fwp%2Fv2%2Fmedia&parent=22579"}],"curies":[{"name":"wp","href":"https:\/\/api.w.org\/{rel}","templated":true}]}}