{"id":21855,"date":"2019-02-19T15:56:18","date_gmt":"2019-02-19T15:56:18","guid":{"rendered":"http:\/\/nightsofnorthcyprus.com\/TURKRUS\/?page_id=21855"},"modified":"2019-03-01T07:10:54","modified_gmt":"2019-03-01T07:10:54","slug":"09-mayis-2019-si%cc%87de-anti%cc%87k-ti%cc%87yatro-2","status":"publish","type":"page","link":"http:\/\/turkishrussianfestival.com\/?page_id=21855","title":{"rendered":"09 MAYIS 2019"},"content":{"rendered":"<p>[vc_row row_type=&#8221;row&#8221; use_row_as_full_screen_section=&#8221;no&#8221; type=&#8221;full_width&#8221; text_align=&#8221;left&#8221; background_animation=&#8221;none&#8221; css_animation=&#8221;&#8221;][vc_column][vc_single_image image=&#8221;22292&#8243; img_size=&#8221;full&#8221; qode_css_animation=&#8221;&#8221;][\/vc_column][\/vc_row][vc_row row_type=&#8221;row&#8221; use_row_as_full_screen_section=&#8221;no&#8221; type=&#8221;full_width&#8221; text_align=&#8221;left&#8221; background_animation=&#8221;none&#8221; css_animation=&#8221;&#8221;][vc_column][vc_column_text]<\/p>\n<div class=\"layoutArea\">\n<div class=\"column\">\n<p>&nbsp;<\/p>\n<p>Vladimir Spivakov, keman, \u015fef<br \/>\nSergey Zhuravel, fl\u00fct<br \/>\nMoskova Virt\u00fc\u00f6zleri Oda Orkestras\u0131<\/p>\n<p>&nbsp;<\/p>\n<p><strong>9 MAYIS 2019 \/ 21:15<\/strong><br \/>\n<strong>SI\u0307DE ANTI\u0307K TI\u0307YATROSU \/ ANTALYA<\/strong><\/p>\n<p>&nbsp;<\/p>\n<p><strong>Kon\u00e7erto Ak\u015fam\u0131<\/strong><\/p>\n<p><strong>9 May\u0131s Per\u015fembe<\/strong> <strong>g\u00fcn\u00fc saat 21:15\u2019de<\/strong> ger\u00e7ekle\u015fecek konserde Moskova Virt\u00fc\u00f6zleri Oda Orkestras\u0131, bu kez Spivakov\u2019u \u015fef ve solist olarak Vivaldi \u2018Keman Kon\u00e7ertosu\u2019 e\u015fli\u011finde a\u011f\u0131rlayacak. Sonras\u0131nda da Spivakov idaresinde, Rusya\u2019n\u0131n en ba\u015far\u0131l\u0131 fl\u00fct sanat\u00e7\u0131lar\u0131ndan olan Sergey Zhuravel\u2019e Vivaldi\u2019nin \u2018Fl\u00fct Kon\u00e7ertosu\u2019nda e\u015flik edecek. Topluluk konserini, Spivakov idaresinde seslendirece\u011fi, Boccherini ve \u00c7aykovski eserleriyle tamamlayacak.<\/p>\n<p>&nbsp;<\/p>\n<\/div>\n<\/div>\n<div class=\"page\" title=\"Page 1\">\n<div class=\"section\">\n<div class=\"layoutArea\">\n<div class=\"column\">\n<p><strong>A. Vivaldi<\/strong> Keman Kon\u00e7ertosu, Mi min\u00f6r, RV 279<br \/>\n<strong>Solist:<\/strong> Vladimir Spivakov, keman<\/p>\n<p>&nbsp;<\/p>\n<p><strong>A. Vivaldi<\/strong> Fl\u00fct Kon\u00e7ertosu, Sol min\u00f6r, RV 439 &#8220;La notte&#8221;<br \/>\n<strong>Solist:<\/strong> Sergey Zhuravel, fl\u00fct<\/p>\n<p>&nbsp;<\/p>\n<p><strong>L. Boccherini<\/strong> Re min\u00f6r Senfoni<br \/>\n<strong>P.I.\u00c7aykovski<\/strong> Yayl\u0131lar i\u00e7in Serenad, Do maj\u00f6r, Op.48<\/p>\n<p>&nbsp;<\/p>\n<p><strong>Vladimir Spivakov,<\/strong> \u015fef<br \/>\n<strong>Moskova Virt\u00fc\u00f6zleri Oda Orkestras\u0131<\/strong><\/p>\n<\/div>\n<\/div>\n<\/div>\n<\/div>\n<p>[\/vc_column_text][vc_empty_space][\/vc_column][\/vc_row][vc_row row_type=&#8221;row&#8221; use_row_as_full_screen_section=&#8221;no&#8221; type=&#8221;full_width&#8221; text_align=&#8221;left&#8221; background_animation=&#8221;none&#8221; css_animation=&#8221;&#8221;][vc_column]<a href=\"http:\/\/turkishrussianfestival.com\/?page_id=21620\" target=\"_self\" data-hover-background-color=#dd3333  class=\"qbutton \" style=\"\">Sanat\u00e7\u0131lar Hakk\u0131nda Detayl\u0131 Bilgi<\/a>[vc_empty_space][\/vc_column][\/vc_row][vc_row row_type=&#8221;row&#8221; use_row_as_full_screen_section=&#8221;no&#8221; type=&#8221;full_width&#8221; text_align=&#8221;left&#8221; background_animation=&#8221;none&#8221; css_animation=&#8221;&#8221;][vc_column]<a href=\"http:\/\/www.biletix.com\/etkinlik\/YC303\/TURKIYE\/tr\" target=\"_blank\" data-hover-background-color=#dd3333  class=\"qbutton \" style=\"\">Bilet Ba\u011flant\u0131s\u0131 &gt; Biletix<\/a>[vc_empty_space][\/vc_column][\/vc_row]<\/p>\n","protected":false},"excerpt":{"rendered":"<p>[vc_row row_type=&#8221;row&#8221; use_row_as_full_screen_section=&#8221;no&#8221; type=&#8221;full_width&#8221; text_align=&#8221;left&#8221; background_animation=&#8221;none&#8221; css_animation=&#8221;&#8221;][vc_column][vc_single_image image=&#8221;22292&#8243; img_size=&#8221;full&#8221; qode_css_animation=&#8221;&#8221;][\/vc_column][\/vc_row][vc_row row_type=&#8221;row&#8221; use_row_as_full_screen_section=&#8221;no&#8221; type=&#8221;full_width&#8221; text_align=&#8221;left&#8221; background_animation=&#8221;none&#8221; css_animation=&#8221;&#8221;][vc_column][vc_column_text] &nbsp; Vladimir Spivakov, keman, \u015fef Sergey Zhuravel, fl\u00fct Moskova Virt\u00fc\u00f6zleri Oda Orkestras\u0131 &nbsp; 9 MAYIS 2019 \/ 21:15 SI\u0307DE ANTI\u0307K TI\u0307YATROSU \/ ANTALYA &nbsp; Kon\u00e7erto Ak\u015fam\u0131 9 May\u0131s Per\u015fembe&#8230;<\/p>\n","protected":false},"author":1,"featured_media":0,"parent":0,"menu_order":0,"comment_status":"closed","ping_status":"closed","template":"","meta":[],"_links":{"self":[{"href":"http:\/\/turkishrussianfestival.com\/index.php?rest_route=\/wp\/v2\/pages\/21855"}],"collection":[{"href":"http:\/\/turkishrussianfestival.com\/index.php?rest_route=\/wp\/v2\/pages"}],"about":[{"href":"http:\/\/turkishrussianfestival.com\/index.php?rest_route=\/wp\/v2\/types\/page"}],"author":[{"embeddable":true,"href":"http:\/\/turkishrussianfestival.com\/index.php?rest_route=\/wp\/v2\/users\/1"}],"replies":[{"embeddable":true,"href":"http:\/\/turkishrussianfestival.com\/index.php?rest_route=%2Fwp%2Fv2%2Fcomments&post=21855"}],"version-history":[{"count":17,"href":"http:\/\/turkishrussianfestival.com\/index.php?rest_route=\/wp\/v2\/pages\/21855\/revisions"}],"predecessor-version":[{"id":22433,"href":"http:\/\/turkishrussianfestival.com\/index.php?rest_route=\/wp\/v2\/pages\/21855\/revisions\/22433"}],"wp:attachment":[{"href":"http:\/\/turkishrussianfestival.com\/index.php?rest_route=%2Fwp%2Fv2%2Fmedia&parent=21855"}],"curies":[{"name":"wp","href":"https:\/\/api.w.org\/{rel}","templated":true}]}}