{"id":21835,"date":"2019-02-19T15:47:09","date_gmt":"2019-02-19T15:47:09","guid":{"rendered":"http:\/\/nightsofnorthcyprus.com\/TURKRUS\/?page_id=21835"},"modified":"2019-03-04T14:13:35","modified_gmt":"2019-03-04T14:13:35","slug":"07-mayis-2019-si%cc%87de-anti%cc%87k-ti%cc%87yatro","status":"publish","type":"page","link":"http:\/\/turkishrussianfestival.com\/?page_id=21835","title":{"rendered":"07 MAYIS 2019"},"content":{"rendered":"<p>[vc_row row_type=&#8221;row&#8221; use_row_as_full_screen_section=&#8221;no&#8221; type=&#8221;full_width&#8221; text_align=&#8221;left&#8221; background_animation=&#8221;none&#8221; css_animation=&#8221;&#8221;][vc_column][vc_single_image image=&#8221;22257&#8243; img_size=&#8221;full&#8221; qode_css_animation=&#8221;&#8221;][\/vc_column][\/vc_row][vc_row row_type=&#8221;row&#8221; use_row_as_full_screen_section=&#8221;no&#8221; type=&#8221;full_width&#8221; text_align=&#8221;left&#8221; background_animation=&#8221;none&#8221; css_animation=&#8221;&#8221;][vc_column][vc_column_text]<\/p>\n<div class=\"layoutArea\">\n<div class=\"column\">\n<p>&nbsp;<\/p>\n<p>Anna Aglatova, soprano<br \/>\nFaz\u0131l Say, piyano<br \/>\nVladimir Spivakov, \u015fef<br \/>\nMoskova Virt\u00fc\u00f6zleri Oda Orkestras\u0131<\/p>\n<p>&nbsp;<\/p>\n<p><strong>7 MAYIS 2019 \/ 21:15<\/strong><br \/>\n<strong>SI\u0307DE ANTI\u0307K TI\u0307YATROSU \/ ANTALYA<\/strong><\/p>\n<p>&nbsp;<\/p>\n<p><strong>A\u00e7\u0131l\u0131\u015f Konseri<\/strong><\/p>\n<p>\u015eef Vladimir Spivakov ve Moskova Virt\u00fc\u00f6zleri Oda Orkestras\u0131, a\u00e7\u0131l\u0131\u015f konserine, \u201c\u0130ki Dost \u00dclkenin Bestecileri\u201d Nevit Kodall\u0131\u2019n\u0131n \u2018Telli Turna S\u00fciti\u2019 ve \u015eostakovi\u00e7\u2019in \u2018Prel\u00fcd ve Scherzo\u2019 adl\u0131 eserleriyle ba\u015flayacak. Sonras\u0131nda, Avrupa\u2019da \u201cCecilia Bartoli\u2019nin k\u0131z karde\u015fi\u201d olarak an\u0131lan Bol\u015foy Tiyatrosu solisti soprano Anna Aglatova, opera literat\u00fcr\u00fcn\u00fcn en g\u00f6zde aryalar\u0131n\u0131 seslendirecek.\u00a0 Ard\u0131ndan;\u00a0 d\u00fcnyaca \u00fcnl\u00fc T\u00fcrk piyanist ve besteci Faz\u0131l Say\u2019\u0131n solistli\u011finde, Mozart\u2019\u0131n \u201812.Piyano Kon\u00e7ertosu\u2019 sanatseverlerle bulu\u015facak. Konser; <strong>7 May\u0131s Sal\u0131<\/strong> <strong>g\u00fcn\u00fc saat 21:15\u2019de<\/strong> Side Antik Tiyatrosu\u2019nda ger\u00e7ekle\u015fecek.<\/p>\n<p>&nbsp;<\/p>\n<\/div>\n<\/div>\n<div class=\"page\" title=\"Page 1\">\n<div class=\"section\">\n<div class=\"layoutArea\">\n<div class=\"column\">\n<p><strong>N. Kodall\u0131<\/strong>\u00a0\u201cTelli Turna\u201d (Orkestra i\u00e7in S\u00fcit)<br \/>\n<strong>D. \u015eostakovi\u00e7<\/strong>\u00a0\u201cPrelude ve Scherzo\u201d, Op.11<\/p>\n<p>&nbsp;<\/p>\n<p><strong>G. Rossini<\/strong>\u00a0Seville Berberi Operas\u0131\u2019ndan \u201cRosina Cavatina\u201d<br \/>\n<strong>L. Arditi<\/strong>\u00a0Il Bacio (\u00d6p\u00fcc\u00fck Valsi)<br \/>\n<strong>F. Lehar<\/strong>\u00a0Giuditta Operas\u0131\u2019ndan \u201cGiuditta Arya\u201d<br \/>\n<strong>F. Poulenc<\/strong>\u00a0Les Chemins de l\u2019Amour (A\u015fk Yollar\u0131)<br \/>\n<strong>L. Delibes<\/strong>\u00a0Les Filles de Cadix \u201cCadiz K\u0131zlar\u0131\u201d<\/p>\n<p><strong>Solist:<\/strong>\u00a0Anna Aglatova, soprano<\/p>\n<p>&nbsp;<\/p>\n<p><strong>W.A. Mozart<\/strong>\u00a0Piyano Kon\u00e7ertosu No.12, KV 414<\/p>\n<p><strong>Solist:<\/strong>\u00a0Faz\u0131l Say, piyano<\/p>\n<p>&nbsp;<\/p>\n<p><strong>Vladimir Spivakov,<\/strong>\u00a0\u015fef<br \/>\n<strong>Moskova Virt\u00fc\u00f6zleri Oda Orkestras\u0131<\/strong><\/p>\n<\/div>\n<\/div>\n<\/div>\n<\/div>\n<p>[\/vc_column_text][vc_empty_space][\/vc_column][\/vc_row][vc_row row_type=&#8221;row&#8221; use_row_as_full_screen_section=&#8221;no&#8221; type=&#8221;full_width&#8221; text_align=&#8221;left&#8221; background_animation=&#8221;none&#8221; css_animation=&#8221;&#8221;][vc_column]<a href=\"http:\/\/turkishrussianfestival.com\/?page_id=21620\" target=\"_self\" data-hover-background-color=#dd3333  class=\"qbutton \" style=\"\">Sanat\u00e7\u0131lar Hakk\u0131nda Detayl\u0131 Bilgi<\/a>[vc_empty_space][\/vc_column][\/vc_row][vc_row row_type=&#8221;row&#8221; use_row_as_full_screen_section=&#8221;no&#8221; type=&#8221;full_width&#8221; text_align=&#8221;left&#8221; background_animation=&#8221;none&#8221; css_animation=&#8221;&#8221;][vc_column]<a href=\"http:\/\/www.biletix.com\/etkinlik\/YC302\/TURKIYE\/tr\" target=\"_blank\" data-hover-background-color=#dd3333  class=\"qbutton \" style=\"\">Bilet Ba\u011flant\u0131s\u0131 &gt; Biletix<\/a>[vc_empty_space][\/vc_column][\/vc_row]<\/p>\n","protected":false},"excerpt":{"rendered":"<p>[vc_row row_type=&#8221;row&#8221; use_row_as_full_screen_section=&#8221;no&#8221; type=&#8221;full_width&#8221; text_align=&#8221;left&#8221; background_animation=&#8221;none&#8221; css_animation=&#8221;&#8221;][vc_column][vc_single_image image=&#8221;22257&#8243; img_size=&#8221;full&#8221; qode_css_animation=&#8221;&#8221;][\/vc_column][\/vc_row][vc_row row_type=&#8221;row&#8221; use_row_as_full_screen_section=&#8221;no&#8221; type=&#8221;full_width&#8221; text_align=&#8221;left&#8221; background_animation=&#8221;none&#8221; css_animation=&#8221;&#8221;][vc_column][vc_column_text] &nbsp; Anna Aglatova, soprano Faz\u0131l Say, piyano Vladimir Spivakov, \u015fef Moskova Virt\u00fc\u00f6zleri Oda Orkestras\u0131 &nbsp; 7 MAYIS 2019 \/ 21:15 SI\u0307DE ANTI\u0307K TI\u0307YATROSU \/ ANTALYA &nbsp; A\u00e7\u0131l\u0131\u015f Konseri \u015eef&#8230;<\/p>\n","protected":false},"author":1,"featured_media":0,"parent":0,"menu_order":0,"comment_status":"closed","ping_status":"closed","template":"","meta":[],"_links":{"self":[{"href":"http:\/\/turkishrussianfestival.com\/index.php?rest_route=\/wp\/v2\/pages\/21835"}],"collection":[{"href":"http:\/\/turkishrussianfestival.com\/index.php?rest_route=\/wp\/v2\/pages"}],"about":[{"href":"http:\/\/turkishrussianfestival.com\/index.php?rest_route=\/wp\/v2\/types\/page"}],"author":[{"embeddable":true,"href":"http:\/\/turkishrussianfestival.com\/index.php?rest_route=\/wp\/v2\/users\/1"}],"replies":[{"embeddable":true,"href":"http:\/\/turkishrussianfestival.com\/index.php?rest_route=%2Fwp%2Fv2%2Fcomments&post=21835"}],"version-history":[{"count":26,"href":"http:\/\/turkishrussianfestival.com\/index.php?rest_route=\/wp\/v2\/pages\/21835\/revisions"}],"predecessor-version":[{"id":22498,"href":"http:\/\/turkishrussianfestival.com\/index.php?rest_route=\/wp\/v2\/pages\/21835\/revisions\/22498"}],"wp:attachment":[{"href":"http:\/\/turkishrussianfestival.com\/index.php?rest_route=%2Fwp%2Fv2%2Fmedia&parent=21835"}],"curies":[{"name":"wp","href":"https:\/\/api.w.org\/{rel}","templated":true}]}}