{"id":21824,"date":"2019-02-19T15:37:43","date_gmt":"2019-02-19T15:37:43","guid":{"rendered":"http:\/\/nightsofnorthcyprus.com\/TURKRUS\/?page_id=21824"},"modified":"2019-03-01T08:38:57","modified_gmt":"2019-03-01T08:38:57","slug":"konserler","status":"publish","type":"page","link":"http:\/\/turkishrussianfestival.com\/","title":{"rendered":"KONSERLER"},"content":{"rendered":"<p>[vc_row row_type=&#8221;row&#8221; use_row_as_full_screen_section=&#8221;no&#8221; type=&#8221;full_width&#8221; text_align=&#8221;left&#8221; background_animation=&#8221;none&#8221; css_animation=&#8221;&#8221;][vc_column width=&#8221;1\/2&#8243;][vc_single_image image=&#8221;22257&#8243; img_size=&#8221;full&#8221; alignment=&#8221;center&#8221; onclick=&#8221;custom_link&#8221; qode_css_animation=&#8221;&#8221; link=&#8221;http:\/\/turkishrussianfestival.com\/tr\/?page_id=21835&#8243;][vc_empty_space height=&#8221;6px&#8221;][vc_column_text css=&#8221;.vc_custom_1551429471827{padding-top: 5px !important;padding-right: 5px !important;padding-bottom: 5px !important;padding-left: 5px !important;}&#8221;]<\/p>\n<h4 class=\"portfolio_title\" style=\"text-align: center;\"><a href=\"http:\/\/turkishrussianfestival.com\/tr\/?page_id=21835\" target=\"_self\" rel=\"noopener noreferrer\">ANNA AGLATOVA \u2022 FAZIL SAY \u2022 VLADIMIR SPIVAKOV \u2022 MOSKOVA V\u0130RT\u00dc\u00d6ZLER\u0130 ODA ORKESTRASI<\/a><\/h4>\n<h6 class=\"portfolio_subtitle\" style=\"text-align: center;\">07 MAYIS 2019 &#8211; 21:15<\/h6>\n<h6 class=\"portfolio_subtitle\" style=\"text-align: center;\">S\u0130DE ANT\u0130K T\u0130YATROSU, ANTALYA<\/h6>\n<p>[\/vc_column_text][vc_empty_space][\/vc_column][vc_column width=&#8221;1\/2&#8243;][vc_single_image image=&#8221;22292&#8243; img_size=&#8221;full&#8221; alignment=&#8221;center&#8221; onclick=&#8221;custom_link&#8221; qode_css_animation=&#8221;&#8221; link=&#8221;http:\/\/turkishrussianfestival.com\/tr\/?page_id=21855&#8243;][vc_empty_space height=&#8221;6px&#8221;][vc_column_text css=&#8221;.vc_custom_1551429498337{padding-top: 5px !important;padding-right: 5px !important;padding-bottom: 5px !important;padding-left: 5px !important;}&#8221;]<\/p>\n<h4 class=\"portfolio_title\" style=\"text-align: center;\"><a href=\"http:\/\/turkishrussianfestival.com\/tr\/?page_id=21855\" target=\"_self\" rel=\"noopener noreferrer\">SERGEY ZHURAVEL \u2022 VLADIMIR SPIVAKOV \u2022 MOSKOVA V\u0130RT\u00dc\u00d6ZLER\u0130 ODA ORKESTRASI<\/a><\/h4>\n<h6 class=\"portfolio_subtitle\" style=\"text-align: center;\">09 MAYIS 2019 &#8211; 21:15<\/h6>\n<h6 class=\"portfolio_subtitle\" style=\"text-align: center;\">S\u0130DE ANT\u0130K T\u0130YATROSU, ANTALYA<\/h6>\n<p>[\/vc_column_text][vc_empty_space][\/vc_column][\/vc_row][vc_row row_type=&#8221;row&#8221; use_row_as_full_screen_section=&#8221;no&#8221; type=&#8221;full_width&#8221; text_align=&#8221;left&#8221; background_animation=&#8221;none&#8221; css_animation=&#8221;&#8221;][vc_column width=&#8221;1\/2&#8243;][vc_single_image image=&#8221;22263&#8243; img_size=&#8221;full&#8221; alignment=&#8221;center&#8221; onclick=&#8221;custom_link&#8221; qode_css_animation=&#8221;&#8221; link=&#8221;http:\/\/turkishrussianfestival.com\/tr\/?page_id=21856&#8243;][vc_empty_space height=&#8221;6px&#8221;][vc_column_text css=&#8221;.vc_custom_1551429522809{padding-top: 5px !important;padding-right: 5px !important;padding-bottom: 5px !important;padding-left: 5px !important;}&#8221;]<\/p>\n<h4 class=\"portfolio_title\" style=\"text-align: center;\"><a href=\"http:\/\/turkishrussianfestival.com\/tr\/?page_id=21856\" target=\"_self\" rel=\"noopener noreferrer\">NIKITA VLASOV \u2022 VLADIMIR SPIVAKOV \u2022 MOSKOVA V\u0130RT\u00dc\u00d6ZLER\u0130 ODA ORKESTRASI<\/a><\/h4>\n<h6 class=\"portfolio_subtitle\" style=\"text-align: center;\">11 MAYIS 2019 &#8211; 21:15<\/h6>\n<h6 class=\"portfolio_subtitle\" style=\"text-align: center;\">S\u0130DE ANT\u0130K T\u0130YATROSU, ANTALYA<\/h6>\n<p>[\/vc_column_text][vc_empty_space][\/vc_column][\/vc_row][vc_row row_type=&#8221;row&#8221; use_row_as_full_screen_section=&#8221;yes&#8221; type=&#8221;full_width&#8221; text_align=&#8221;left&#8221; background_color=&#8221;#394048&#8243; background_animation=&#8221;none&#8221; css_animation=&#8221;&#8221;][vc_column][vc_empty_space][vc_single_image image=&#8221;21597&#8243; alignment=&#8221;center&#8221; qode_css_animation=&#8221;&#8221;][vc_empty_space][\/vc_column][\/vc_row]<\/p>\n","protected":false},"excerpt":{"rendered":"<p>[vc_row row_type=&#8221;row&#8221; use_row_as_full_screen_section=&#8221;no&#8221; type=&#8221;full_width&#8221; text_align=&#8221;left&#8221; background_animation=&#8221;none&#8221; css_animation=&#8221;&#8221;][vc_column width=&#8221;1\/2&#8243;][vc_single_image image=&#8221;22257&#8243; img_size=&#8221;full&#8221; alignment=&#8221;center&#8221; onclick=&#8221;custom_link&#8221; qode_css_animation=&#8221;&#8221; link=&#8221;http:\/\/turkishrussianfestival.com\/tr\/?page_id=21835&#8243;][vc_empty_space height=&#8221;6px&#8221;][vc_column_text css=&#8221;.vc_custom_1551429471827{padding-top: 5px !important;padding-right: 5px !important;padding-bottom: 5px !important;padding-left: 5px !important;}&#8221;] ANNA AGLATOVA \u2022 FAZIL SAY \u2022 VLADIMIR SPIVAKOV \u2022 MOSKOVA V\u0130RT\u00dc\u00d6ZLER\u0130 ODA ORKESTRASI 07 MAYIS 2019 &#8211; 21:15 S\u0130DE ANT\u0130K T\u0130YATROSU,&#8230;<\/p>\n","protected":false},"author":1,"featured_media":0,"parent":0,"menu_order":0,"comment_status":"closed","ping_status":"closed","template":"full_width.php","meta":[],"_links":{"self":[{"href":"http:\/\/turkishrussianfestival.com\/index.php?rest_route=\/wp\/v2\/pages\/21824"}],"collection":[{"href":"http:\/\/turkishrussianfestival.com\/index.php?rest_route=\/wp\/v2\/pages"}],"about":[{"href":"http:\/\/turkishrussianfestival.com\/index.php?rest_route=\/wp\/v2\/types\/page"}],"author":[{"embeddable":true,"href":"http:\/\/turkishrussianfestival.com\/index.php?rest_route=\/wp\/v2\/users\/1"}],"replies":[{"embeddable":true,"href":"http:\/\/turkishrussianfestival.com\/index.php?rest_route=%2Fwp%2Fv2%2Fcomments&post=21824"}],"version-history":[{"count":31,"href":"http:\/\/turkishrussianfestival.com\/index.php?rest_route=\/wp\/v2\/pages\/21824\/revisions"}],"predecessor-version":[{"id":22454,"href":"http:\/\/turkishrussianfestival.com\/index.php?rest_route=\/wp\/v2\/pages\/21824\/revisions\/22454"}],"wp:attachment":[{"href":"http:\/\/turkishrussianfestival.com\/index.php?rest_route=%2Fwp%2Fv2%2Fmedia&parent=21824"}],"curies":[{"name":"wp","href":"https:\/\/api.w.org\/{rel}","templated":true}]}}