{"id":21740,"date":"2019-02-19T13:10:28","date_gmt":"2019-02-19T13:10:28","guid":{"rendered":"http:\/\/nightsofnorthcyprus.com\/TURKRUS?page_id=21740"},"modified":"2019-02-24T10:10:41","modified_gmt":"2019-02-24T10:10:41","slug":"anna-aglatova","status":"publish","type":"page","link":"http:\/\/turkishrussianfestival.com\/?page_id=21740","title":{"rendered":"ANNA AGLATOVA"},"content":{"rendered":"<p>[vc_row row_type=&#8221;row&#8221; use_row_as_full_screen_section=&#8221;no&#8221; type=&#8221;full_width&#8221; text_align=&#8221;left&#8221; background_animation=&#8221;none&#8221; css_animation=&#8221;&#8221;][vc_column width=&#8221;1\/2&#8243;][vc_single_image image=&#8221;22191&#8243; img_size=&#8221;large&#8221; qode_css_animation=&#8221;&#8221;][\/vc_column][vc_column width=&#8221;1\/2&#8243;][vc_column_text]Uluslararas\u0131 alanda en iyi tan\u0131nan Rus opera \u015fark\u0131c\u0131lar\u0131ndan biri olan Anna Aglatova, Avrupa\u2019da \u201cCecilia Bartoli\u2019nin k\u0131z karde\u015fi\u201d olarak an\u0131l\u0131r. Donizetti\u2019nin Don Pasquale operas\u0131ndaki Norina rol\u00fc ile sahneye ad\u0131m\u0131n\u0131 att\u0131\u011f\u0131 Viyana Opera Evi\u2019nde kazand\u0131\u011f\u0131 b\u00fcy\u00fck ba\u015far\u0131 ile dikkatleri \u00fczerine toplayan ve hakk\u0131nda hayranl\u0131k i\u00e7eren ele\u015ftiriler yay\u0131nlanan sanat\u00e7\u0131, lirik ve komik rollerde e\u015fit olarak ba\u015far\u0131 g\u00f6steren Aglatova; Vladimir Spivakov, Evelino Pido, Enrique Mazzola gibi sayg\u0131n orkestra \u015fefleri yan\u0131nda, Dmitri Hvorostovsky, Jose Carreras, Ren\u00e9 Pape, Carlo Lepore, David Hansen gibi de\u011ferli sanat\u00e7\u0131larla ayn\u0131 sahneyi payla\u015fm\u0131\u015ft\u0131r. K\u00fclt\u00fcr alan\u0131nda Rusya Devlet \u00d6d\u00fcl\u00fc\u2019ne lay\u0131k g\u00f6r\u00fclen sanat\u00e7\u0131; yaln\u0131zca teknik becerisiyle de\u011fil, sahne \u00fcst\u00fcnde g\u00f6sterdi\u011fi oyunculuk yetene\u011fi ile \u00f6ne \u00e7\u0131kmaktad\u0131r.[\/vc_column_text][\/vc_column][\/vc_row]<\/p>\n","protected":false},"excerpt":{"rendered":"<p>[vc_row row_type=&#8221;row&#8221; use_row_as_full_screen_section=&#8221;no&#8221; type=&#8221;full_width&#8221; text_align=&#8221;left&#8221; background_animation=&#8221;none&#8221; css_animation=&#8221;&#8221;][vc_column width=&#8221;1\/2&#8243;][vc_single_image image=&#8221;22191&#8243; img_size=&#8221;large&#8221; qode_css_animation=&#8221;&#8221;][\/vc_column][vc_column width=&#8221;1\/2&#8243;][vc_column_text]Uluslararas\u0131 alanda en iyi tan\u0131nan Rus opera \u015fark\u0131c\u0131lar\u0131ndan biri olan Anna Aglatova, Avrupa\u2019da \u201cCecilia Bartoli\u2019nin k\u0131z karde\u015fi\u201d olarak an\u0131l\u0131r. Donizetti\u2019nin Don Pasquale operas\u0131ndaki Norina rol\u00fc ile sahneye ad\u0131m\u0131n\u0131 att\u0131\u011f\u0131 Viyana Opera Evi\u2019nde kazand\u0131\u011f\u0131 b\u00fcy\u00fck&#8230;<\/p>\n","protected":false},"author":1,"featured_media":0,"parent":0,"menu_order":0,"comment_status":"closed","ping_status":"closed","template":"","meta":[],"_links":{"self":[{"href":"http:\/\/turkishrussianfestival.com\/index.php?rest_route=\/wp\/v2\/pages\/21740"}],"collection":[{"href":"http:\/\/turkishrussianfestival.com\/index.php?rest_route=\/wp\/v2\/pages"}],"about":[{"href":"http:\/\/turkishrussianfestival.com\/index.php?rest_route=\/wp\/v2\/types\/page"}],"author":[{"embeddable":true,"href":"http:\/\/turkishrussianfestival.com\/index.php?rest_route=\/wp\/v2\/users\/1"}],"replies":[{"embeddable":true,"href":"http:\/\/turkishrussianfestival.com\/index.php?rest_route=%2Fwp%2Fv2%2Fcomments&post=21740"}],"version-history":[{"count":4,"href":"http:\/\/turkishrussianfestival.com\/index.php?rest_route=\/wp\/v2\/pages\/21740\/revisions"}],"predecessor-version":[{"id":22204,"href":"http:\/\/turkishrussianfestival.com\/index.php?rest_route=\/wp\/v2\/pages\/21740\/revisions\/22204"}],"wp:attachment":[{"href":"http:\/\/turkishrussianfestival.com\/index.php?rest_route=%2Fwp%2Fv2%2Fmedia&parent=21740"}],"curies":[{"name":"wp","href":"https:\/\/api.w.org\/{rel}","templated":true}]}}