{"id":21628,"date":"2019-02-17T13:57:42","date_gmt":"2019-02-17T13:57:42","guid":{"rendered":"http:\/\/nightsofnorthcyprus.com\/TURKRUS\/?page_id=21628"},"modified":"2019-02-24T10:12:56","modified_gmt":"2019-02-24T10:12:56","slug":"nikita-vlasov","status":"publish","type":"page","link":"http:\/\/turkishrussianfestival.com\/?page_id=21628","title":{"rendered":"NIKITA VLASOV"},"content":{"rendered":"<p>[vc_row row_type=&#8221;row&#8221; use_row_as_full_screen_section=&#8221;no&#8221; type=&#8221;full_width&#8221; text_align=&#8221;left&#8221; background_animation=&#8221;none&#8221; css_animation=&#8221;&#8221;][vc_column width=&#8221;1\/4&#8243;][vc_single_image image=&#8221;22185&#8243; img_size=&#8221;large&#8221; qode_css_animation=&#8221;&#8221;][\/vc_column][vc_column width=&#8221;3\/4&#8243;][vc_column_text]Rusya&#8217;n\u0131n en iyi akordeon sanat\u00e7\u0131lar\u0131ndan biri olan Nikita Vlasov; Glinka Konservatuar\u0131\u2019nda V.I. Golubnichy ve V.G. Starynin ile \u00e7al\u0131\u015ft\u0131. Vladimir Spivakov Uluslararas\u0131 Yard\u0131m Vakf\u0131\u2019n\u0131n ba\u011f\u0131\u015f konserlerinde de sahneye \u00e7\u0131kan sanat\u00e7\u0131, ge\u00e7ti\u011fimiz d\u00f6nemde &#8220;Y\u0131l\u0131n En \u0130yi Konserleri&#8221; adl\u0131 Roma kitab\u0131na kaydedildi. Nikita, otuzu a\u015fk\u0131n uluslararas\u0131 yar\u0131\u015fmada birincilik \u00f6d\u00fcl\u00fc kazanan ve Rusya Devlet Ba\u015fkan\u0131 Vladimir Putin&#8217;in himayesinde yer ald\u0131\u011f\u0131 Uluslararas\u0131 Zafer Maratonu yan\u0131nda; aralar\u0131nda Hollanda Krali\u00e7esi Beatrix\u2019in de bulundu\u011fu yirmiye yak\u0131n \u00fclkenin liderine konser verdi. Vladimir Spivakov ve &#8220;Moskova Virt\u00fc\u00f6zleri&#8221; ile bir\u00e7ok konserde solist olarak yer alan sanat\u00e7\u0131, zengin repertuar\u0131 sayesinde g\u00fcn\u00fcm\u00fcz akordeon sanat\u00e7\u0131lar\u0131 aras\u0131nda takvimi en yo\u011fun isimlerden biri olarak biliniyor.[\/vc_column_text][\/vc_column][\/vc_row]<\/p>\n","protected":false},"excerpt":{"rendered":"<p>[vc_row row_type=&#8221;row&#8221; use_row_as_full_screen_section=&#8221;no&#8221; type=&#8221;full_width&#8221; text_align=&#8221;left&#8221; background_animation=&#8221;none&#8221; css_animation=&#8221;&#8221;][vc_column width=&#8221;1\/4&#8243;][vc_single_image image=&#8221;22185&#8243; img_size=&#8221;large&#8221; qode_css_animation=&#8221;&#8221;][\/vc_column][vc_column width=&#8221;3\/4&#8243;][vc_column_text]Rusya&#8217;n\u0131n en iyi akordeon sanat\u00e7\u0131lar\u0131ndan biri olan Nikita Vlasov; Glinka Konservatuar\u0131\u2019nda V.I. Golubnichy ve V.G. Starynin ile \u00e7al\u0131\u015ft\u0131. Vladimir Spivakov Uluslararas\u0131 Yard\u0131m Vakf\u0131\u2019n\u0131n ba\u011f\u0131\u015f konserlerinde de sahneye \u00e7\u0131kan sanat\u00e7\u0131, ge\u00e7ti\u011fimiz d\u00f6nemde &#8220;Y\u0131l\u0131n En \u0130yi&#8230;<\/p>\n","protected":false},"author":1,"featured_media":0,"parent":0,"menu_order":0,"comment_status":"closed","ping_status":"closed","template":"","meta":[],"_links":{"self":[{"href":"http:\/\/turkishrussianfestival.com\/index.php?rest_route=\/wp\/v2\/pages\/21628"}],"collection":[{"href":"http:\/\/turkishrussianfestival.com\/index.php?rest_route=\/wp\/v2\/pages"}],"about":[{"href":"http:\/\/turkishrussianfestival.com\/index.php?rest_route=\/wp\/v2\/types\/page"}],"author":[{"embeddable":true,"href":"http:\/\/turkishrussianfestival.com\/index.php?rest_route=\/wp\/v2\/users\/1"}],"replies":[{"embeddable":true,"href":"http:\/\/turkishrussianfestival.com\/index.php?rest_route=%2Fwp%2Fv2%2Fcomments&post=21628"}],"version-history":[{"count":4,"href":"http:\/\/turkishrussianfestival.com\/index.php?rest_route=\/wp\/v2\/pages\/21628\/revisions"}],"predecessor-version":[{"id":22210,"href":"http:\/\/turkishrussianfestival.com\/index.php?rest_route=\/wp\/v2\/pages\/21628\/revisions\/22210"}],"wp:attachment":[{"href":"http:\/\/turkishrussianfestival.com\/index.php?rest_route=%2Fwp%2Fv2%2Fmedia&parent=21628"}],"curies":[{"name":"wp","href":"https:\/\/api.w.org\/{rel}","templated":true}]}}