{"id":21627,"date":"2019-02-17T13:57:31","date_gmt":"2019-02-17T13:57:31","guid":{"rendered":"http:\/\/nightsofnorthcyprus.com\/TURKRUS\/?page_id=21627"},"modified":"2019-02-27T19:04:03","modified_gmt":"2019-02-27T19:04:03","slug":"sergey-zhuralev","status":"publish","type":"page","link":"http:\/\/turkishrussianfestival.com\/?page_id=21627","title":{"rendered":"SERGEY ZHURAVEL"},"content":{"rendered":"<p>[vc_row row_type=&#8221;row&#8221; use_row_as_full_screen_section=&#8221;no&#8221; type=&#8221;full_width&#8221; text_align=&#8221;left&#8221; background_animation=&#8221;none&#8221; css_animation=&#8221;&#8221;][vc_column width=&#8221;1\/4&#8243;][vc_single_image image=&#8221;22188&#8243; img_size=&#8221;large&#8221; qode_css_animation=&#8221;&#8221;][\/vc_column][vc_column width=&#8221;3\/4&#8243;][vc_column_text]Rusya\u2019n\u0131n en be\u011fenilen fl\u00fct sanat\u00e7\u0131lar\u0131ndan biri olan Sergey Zhuravel; Gnessins M\u00fczik Okulu\u2019ndaki \u00f6\u011frenimi ard\u0131ndan kabul edildi\u011fi \u00c7aykovski Moskova Devlet Konservatuar\u0131&#8217;ndan ba\u015far\u0131yla mezun olduktan sonra \u00f6\u011fretmen olarak e\u011fitim kadrosuna kat\u0131ld\u0131. \u00dclkesinde, uluslararas\u0131 \u00e7apta d\u00fczenlenen bir\u00e7ok yar\u0131\u015fmay\u0131 kazanan, derece alan Zhuravel, \u00e7e\u015fitli solo kay\u0131tlar yapt\u0131, 2014\u2019te I.S.Kozlovsky ve 2015\u2019te \u00c7aykovsky \u00d6d\u00fcl\u00fc\u2019ne lay\u0131k g\u00f6r\u00fcld\u00fc. Rusya&#8217;da ve d\u00fcnyan\u0131n \u00e7e\u015fitli festivallerinde sahne alan sanat\u00e7\u0131, Moskova Konservatuar\u0131\u2019nda ders veriyor. Maestro Vladimir Spivakov\u2019un sanat y\u00f6netmenli\u011findeki Rusya Ulusal Filarmoni Orkestras\u0131\u2019nda fl\u00fct grubu \u015fefli\u011fini de y\u00fcr\u00fcten Zhuravel, Wm. S. Haynes Co. Flute Sanat\u00e7\u0131s\u0131 olarak, geleneksel yap\u0131mla haz\u0131rlanan Haynes 14K Alt\u0131n Fl\u00fct ile \u00e7al\u0131yor.[\/vc_column_text][\/vc_column][\/vc_row]<\/p>\n","protected":false},"excerpt":{"rendered":"<p>[vc_row row_type=&#8221;row&#8221; use_row_as_full_screen_section=&#8221;no&#8221; type=&#8221;full_width&#8221; text_align=&#8221;left&#8221; background_animation=&#8221;none&#8221; css_animation=&#8221;&#8221;][vc_column width=&#8221;1\/4&#8243;][vc_single_image image=&#8221;22188&#8243; img_size=&#8221;large&#8221; qode_css_animation=&#8221;&#8221;][\/vc_column][vc_column width=&#8221;3\/4&#8243;][vc_column_text]Rusya\u2019n\u0131n en be\u011fenilen fl\u00fct sanat\u00e7\u0131lar\u0131ndan biri olan Sergey Zhuravel; Gnessins M\u00fczik Okulu\u2019ndaki \u00f6\u011frenimi ard\u0131ndan kabul edildi\u011fi \u00c7aykovski Moskova Devlet Konservatuar\u0131&#8217;ndan ba\u015far\u0131yla mezun olduktan sonra \u00f6\u011fretmen olarak e\u011fitim kadrosuna kat\u0131ld\u0131. \u00dclkesinde, uluslararas\u0131 \u00e7apta d\u00fczenlenen bir\u00e7ok&#8230;<\/p>\n","protected":false},"author":1,"featured_media":0,"parent":0,"menu_order":0,"comment_status":"closed","ping_status":"closed","template":"","meta":[],"_links":{"self":[{"href":"http:\/\/turkishrussianfestival.com\/index.php?rest_route=\/wp\/v2\/pages\/21627"}],"collection":[{"href":"http:\/\/turkishrussianfestival.com\/index.php?rest_route=\/wp\/v2\/pages"}],"about":[{"href":"http:\/\/turkishrussianfestival.com\/index.php?rest_route=\/wp\/v2\/types\/page"}],"author":[{"embeddable":true,"href":"http:\/\/turkishrussianfestival.com\/index.php?rest_route=\/wp\/v2\/users\/1"}],"replies":[{"embeddable":true,"href":"http:\/\/turkishrussianfestival.com\/index.php?rest_route=%2Fwp%2Fv2%2Fcomments&post=21627"}],"version-history":[{"count":7,"href":"http:\/\/turkishrussianfestival.com\/index.php?rest_route=\/wp\/v2\/pages\/21627\/revisions"}],"predecessor-version":[{"id":22334,"href":"http:\/\/turkishrussianfestival.com\/index.php?rest_route=\/wp\/v2\/pages\/21627\/revisions\/22334"}],"wp:attachment":[{"href":"http:\/\/turkishrussianfestival.com\/index.php?rest_route=%2Fwp%2Fv2%2Fmedia&parent=21627"}],"curies":[{"name":"wp","href":"https:\/\/api.w.org\/{rel}","templated":true}]}}