{"id":21626,"date":"2019-02-17T13:57:23","date_gmt":"2019-02-17T13:57:23","guid":{"rendered":"http:\/\/nightsofnorthcyprus.com\/TURKRUS\/?page_id=21626"},"modified":"2019-02-24T10:11:37","modified_gmt":"2019-02-24T10:11:37","slug":"fazil-say","status":"publish","type":"page","link":"http:\/\/turkishrussianfestival.com\/?page_id=21626","title":{"rendered":"FAZIL SAY"},"content":{"rendered":"<p>[vc_row row_type=&#8221;row&#8221; use_row_as_full_screen_section=&#8221;no&#8221; type=&#8221;full_width&#8221; text_align=&#8221;left&#8221; background_animation=&#8221;none&#8221; css_animation=&#8221;&#8221;][vc_column width=&#8221;1\/4&#8243;][vc_single_image image=&#8221;22179&#8243; img_size=&#8221;large&#8221; qode_css_animation=&#8221;&#8221;][\/vc_column][vc_column width=&#8221;3\/4&#8243;][vc_column_text]D\u00fcnyaca \u00fcnl\u00fc besteci ve klasik m\u00fczik piyanisti Faz\u0131l Say, d\u00f6rt ya\u015f\u0131ndayken Ankara Devlet Konservatuvar\u0131\u2019nda \u00dcst\u00fcn Yetenekli \u00c7ocuklar stat\u00fcs\u00fcnde e\u011fitim ald\u0131 ve 1994 y\u0131l\u0131nda New York\u2019ta Gen\u00e7 Konser Sanat\u00e7\u0131lar\u0131 Yar\u0131\u015fmas\u0131\u2019nda d\u00fcnya birincisi olup bir h\u0131zla konser hayat\u0131na ba\u015flad\u0131. Bach\u2019dan Stravinski\u2019ye Mozart\u2019dan Ravel\u2019e, Beethoven\u2019dan Mussorgski\u2019ye kadar pek \u00e7ok farkl\u0131 bestecinin eserlerini kaydetti\u011fi CD\u2019ler 30\u2019dan fazla \u00f6d\u00fcl ile onurland\u0131r\u0131ld\u0131. Sanat\u00e7\u0131; yorumcu ve besteci olarak d\u00f6rt kez ECHO \u00d6d\u00fcl\u00fc \u2018n\u00fc ald\u0131. Pek \u00e7ok kez Diapason d\u2019Or \u00d6d\u00fcl\u00fc, Choc de Classic \u00d6d\u00fcl\u00fc\u2019ne lay\u0131k g\u00f6r\u00fcld\u00fc. N\u00e2z\u0131m Oratoryosu, Metin Alt\u0131ok A\u011f\u0131t\u0131, Sait Faik ve Hermias gibi edebi metne dayanan yap\u0131tlar yan\u0131nda; \u0130stanbul Senfonisi, Mezopotamya ve Universe senfonileri, Haremde 1001 Gece (keman kon\u00e7ertosu), Hezarfen (ney kon\u00e7ertosu), Hayyam (klarnet kon\u00e7ertosu), \u0130pek Yolu ve Anadolu\u2019nun Sessizli\u011fi (piyano kon\u00e7ertolar\u0131), Water, Nirvana Yan\u0131yor, Overture 1914, Four Preludes, Symphonic Dances, Grand Bazaar gibi bir\u00e7ok \u00fclkeden \u00e7e\u015fitli solist ve orkestralarca seslendirilen eserleri besteledi.[\/vc_column_text][\/vc_column][\/vc_row]<\/p>\n","protected":false},"excerpt":{"rendered":"<p>[vc_row row_type=&#8221;row&#8221; use_row_as_full_screen_section=&#8221;no&#8221; type=&#8221;full_width&#8221; text_align=&#8221;left&#8221; background_animation=&#8221;none&#8221; css_animation=&#8221;&#8221;][vc_column width=&#8221;1\/4&#8243;][vc_single_image image=&#8221;22179&#8243; img_size=&#8221;large&#8221; qode_css_animation=&#8221;&#8221;][\/vc_column][vc_column width=&#8221;3\/4&#8243;][vc_column_text]D\u00fcnyaca \u00fcnl\u00fc besteci ve klasik m\u00fczik piyanisti Faz\u0131l Say, d\u00f6rt ya\u015f\u0131ndayken Ankara Devlet Konservatuvar\u0131\u2019nda \u00dcst\u00fcn Yetenekli \u00c7ocuklar stat\u00fcs\u00fcnde e\u011fitim ald\u0131 ve 1994 y\u0131l\u0131nda New York\u2019ta Gen\u00e7 Konser Sanat\u00e7\u0131lar\u0131 Yar\u0131\u015fmas\u0131\u2019nda d\u00fcnya birincisi olup bir h\u0131zla&#8230;<\/p>\n","protected":false},"author":1,"featured_media":0,"parent":0,"menu_order":0,"comment_status":"closed","ping_status":"closed","template":"","meta":[],"_links":{"self":[{"href":"http:\/\/turkishrussianfestival.com\/index.php?rest_route=\/wp\/v2\/pages\/21626"}],"collection":[{"href":"http:\/\/turkishrussianfestival.com\/index.php?rest_route=\/wp\/v2\/pages"}],"about":[{"href":"http:\/\/turkishrussianfestival.com\/index.php?rest_route=\/wp\/v2\/types\/page"}],"author":[{"embeddable":true,"href":"http:\/\/turkishrussianfestival.com\/index.php?rest_route=\/wp\/v2\/users\/1"}],"replies":[{"embeddable":true,"href":"http:\/\/turkishrussianfestival.com\/index.php?rest_route=%2Fwp%2Fv2%2Fcomments&post=21626"}],"version-history":[{"count":4,"href":"http:\/\/turkishrussianfestival.com\/index.php?rest_route=\/wp\/v2\/pages\/21626\/revisions"}],"predecessor-version":[{"id":22206,"href":"http:\/\/turkishrussianfestival.com\/index.php?rest_route=\/wp\/v2\/pages\/21626\/revisions\/22206"}],"wp:attachment":[{"href":"http:\/\/turkishrussianfestival.com\/index.php?rest_route=%2Fwp%2Fv2%2Fmedia&parent=21626"}],"curies":[{"name":"wp","href":"https:\/\/api.w.org\/{rel}","templated":true}]}}