{"id":21625,"date":"2019-02-17T13:57:10","date_gmt":"2019-02-17T13:57:10","guid":{"rendered":"http:\/\/nightsofnorthcyprus.com\/TURKRUS\/?page_id=21625"},"modified":"2019-02-24T10:09:26","modified_gmt":"2019-02-24T10:09:26","slug":"moskova-virtuozleri-oda-orkestrasi","status":"publish","type":"page","link":"http:\/\/turkishrussianfestival.com\/?page_id=21625","title":{"rendered":"MOSKOVA V\u0130RT\u00dc\u00d6ZLER\u0130 ODA ORKESTRASI"},"content":{"rendered":"<p>[vc_row row_type=&#8221;row&#8221; use_row_as_full_screen_section=&#8221;no&#8221; type=&#8221;full_width&#8221; text_align=&#8221;left&#8221; background_animation=&#8221;none&#8221; css_animation=&#8221;&#8221;][vc_column width=&#8221;1\/2&#8243;][vc_single_image image=&#8221;22182&#8243; img_size=&#8221;large&#8221; qode_css_animation=&#8221;&#8221;][\/vc_column][vc_column width=&#8221;1\/2&#8243;][vc_column_text]G\u00fcn\u00fcm\u00fcz\u00fcn en de\u011ferli kemanc\u0131lar\u0131ndan Vladimir Spivakov\u2019un, \u00fcnl\u00fc solist sanat\u00e7\u0131lar, k\u00f6kl\u00fc orkestralar\u0131n grup \u015fefleri ile Borodin D\u00f6rtl\u00fcs\u00fc \u00fcyeleri gibi Rusya\u2019n\u0131n en iyi m\u00fczisyenleriyle 1979 y\u0131l\u0131nda kurdu\u011fu &#8220;Moskova Virt\u00fc\u00f6zleri Oda Orkestras\u0131&#8221; bug\u00fcn, d\u00fcnyan\u0131n \u00f6nemli ve \u00f6nde gelen oda topluluklar\u0131ndan biri olarak kabul ediliyor. Tarihi boyunca gen\u00e7 ku\u015faklar\u0131n en yetenekli ve uluslararas\u0131 yar\u0131\u015fma \u00f6d\u00fcll\u00fc m\u00fczisyenlerinin \u00fcye oldu\u011fu topluluk; Mstislav Rostropovich, Elena Obraztsova, Yehudi Menuhin, Vladimir Krainev, Saulius Sondeckis, Jessye Norman, Yuri Bashmet, Maxim Vengerov, Hibla Gerzmava, Evgeny Kissin, Mischa Maisky, Denis Matsuev, Shlomo Mintz, Mikhail Pletnev, Giora Feidman, Michel Legrand, Pinchas Zukerman gibi d\u00fcnyaca \u00fcnl\u00fc sanat\u00e7\u0131larla konserler verdi. Dahi \u00e7ocuklar i\u00e7in ba\u011f\u0131\u015f kampanyalar\u0131nda konserler veren orkestra, daimi \u015fefleri ve solistleri Spivakov\u2019un, aralar\u0131nda \u0130sve\u00e7li Keman Sanat\u00e7\u0131s\u0131 Daniel Lozakovitj, \u0130srailli \u00c7ellist Danielle Akta, Rus Piyanist Alexander Malofeev gibi gen\u00e7 virt\u00fc\u00f6zleri de kapsayan \u201cBug\u00fcn ve Yar\u0131n Moskova Virt\u00fc\u00f6zleri\u201d ba\u015fl\u0131\u011f\u0131 alt\u0131ndaki \u00f6zel konser programlar\u0131 ile dinleyicilerin takdirini kazand\u0131. Avrupa, Amerika ve Asya\u2019da bir\u00e7ok \u00fclkede \u00fcnl\u00fc festival ve salonlarda say\u0131s\u0131z konserler yan\u0131nda, 20.y\u00fczy\u0131l bestecilerinden Barok d\u00f6neme farkl\u0131 m\u00fczik stilinde ve d\u00f6nem bestecilerinin eserlerine yer verdi\u011fi say\u0131s\u0131z kay\u0131t yapan Moskova Virt\u00fc\u00f6zleri; sevgisini kazand\u0131\u011f\u0131 d\u00fcnyan\u0131n \u00e7e\u015fitli yerlerindeki dinleyicileri, sahip oldu\u011fu ele\u015ftirel \u00f6vg\u00fcler ve \u015f\u00f6hreti sayesinde en iyi oda orkestralar\u0131 aras\u0131nda say\u0131lmaktad\u0131r.[\/vc_column_text][\/vc_column][\/vc_row]<\/p>\n","protected":false},"excerpt":{"rendered":"<p>[vc_row row_type=&#8221;row&#8221; use_row_as_full_screen_section=&#8221;no&#8221; type=&#8221;full_width&#8221; text_align=&#8221;left&#8221; background_animation=&#8221;none&#8221; css_animation=&#8221;&#8221;][vc_column width=&#8221;1\/2&#8243;][vc_single_image image=&#8221;22182&#8243; img_size=&#8221;large&#8221; qode_css_animation=&#8221;&#8221;][\/vc_column][vc_column width=&#8221;1\/2&#8243;][vc_column_text]G\u00fcn\u00fcm\u00fcz\u00fcn en de\u011ferli kemanc\u0131lar\u0131ndan Vladimir Spivakov\u2019un, \u00fcnl\u00fc solist sanat\u00e7\u0131lar, k\u00f6kl\u00fc orkestralar\u0131n grup \u015fefleri ile Borodin D\u00f6rtl\u00fcs\u00fc \u00fcyeleri gibi Rusya\u2019n\u0131n en iyi m\u00fczisyenleriyle 1979 y\u0131l\u0131nda kurdu\u011fu &#8220;Moskova Virt\u00fc\u00f6zleri Oda Orkestras\u0131&#8221; bug\u00fcn, d\u00fcnyan\u0131n \u00f6nemli ve \u00f6nde&#8230;<\/p>\n","protected":false},"author":1,"featured_media":0,"parent":0,"menu_order":0,"comment_status":"closed","ping_status":"closed","template":"","meta":[],"_links":{"self":[{"href":"http:\/\/turkishrussianfestival.com\/index.php?rest_route=\/wp\/v2\/pages\/21625"}],"collection":[{"href":"http:\/\/turkishrussianfestival.com\/index.php?rest_route=\/wp\/v2\/pages"}],"about":[{"href":"http:\/\/turkishrussianfestival.com\/index.php?rest_route=\/wp\/v2\/types\/page"}],"author":[{"embeddable":true,"href":"http:\/\/turkishrussianfestival.com\/index.php?rest_route=\/wp\/v2\/users\/1"}],"replies":[{"embeddable":true,"href":"http:\/\/turkishrussianfestival.com\/index.php?rest_route=%2Fwp%2Fv2%2Fcomments&post=21625"}],"version-history":[{"count":4,"href":"http:\/\/turkishrussianfestival.com\/index.php?rest_route=\/wp\/v2\/pages\/21625\/revisions"}],"predecessor-version":[{"id":22202,"href":"http:\/\/turkishrussianfestival.com\/index.php?rest_route=\/wp\/v2\/pages\/21625\/revisions\/22202"}],"wp:attachment":[{"href":"http:\/\/turkishrussianfestival.com\/index.php?rest_route=%2Fwp%2Fv2%2Fmedia&parent=21625"}],"curies":[{"name":"wp","href":"https:\/\/api.w.org\/{rel}","templated":true}]}}