{"id":21624,"date":"2019-02-17T13:56:55","date_gmt":"2019-02-17T13:56:55","guid":{"rendered":"http:\/\/nightsofnorthcyprus.com\/TURKRUS\/?page_id=21624"},"modified":"2019-02-24T10:08:22","modified_gmt":"2019-02-24T10:08:22","slug":"vladimir-spivakov","status":"publish","type":"page","link":"http:\/\/turkishrussianfestival.com\/?page_id=21624","title":{"rendered":"VLADIMIR SPIVAKOV"},"content":{"rendered":"<p>[vc_row row_type=&#8221;row&#8221; use_row_as_full_screen_section=&#8221;no&#8221; type=&#8221;full_width&#8221; text_align=&#8221;left&#8221; background_animation=&#8221;none&#8221; css_animation=&#8221;&#8221;][vc_column width=&#8221;1\/4&#8243;][vc_single_image image=&#8221;22194&#8243; img_size=&#8221;large&#8221; qode_css_animation=&#8221;&#8221;][\/vc_column][vc_column width=&#8221;3\/4&#8243;][vc_column_text]New York Times\u2019\u0131n, hen\u00fcz gen\u00e7 ya\u015fta \u201cOla\u011fan\u00fcst\u00fc ve S\u0131rad\u0131\u015f\u0131 Sanat\u00e7\u0131\u201d, \u201cBir M\u00fctevaz\u0131 Usta\u201d olarak niteledi\u011fi Vladimir Spivakov, m\u00fczik ve sosyal ya\u015fam\u0131nda dikkat \u00e7ekici d\u00fczeyde yetene\u011fi g\u00f6zlenen bir sanat\u00e7\u0131 olarak, D\u00fcnya\u2019n\u0131n gelmi\u015f ge\u00e7mi\u015f en b\u00fcy\u00fck keman virt\u00fc\u00f6zlerinden biri olan David Oistrakh\u2019\u0131n, \u00fcnl\u00fc pedagog Yuri Yankelevi\u00e7\u2019in \u00f6\u011frencisidir. Paris\u2019te Marguerite Long \u2013 Jacques Thibaud Yar\u0131\u015fmas\u0131, Ceneviz\u2019de Paganini Yar\u0131\u015fmas\u0131, Montreal Yar\u0131\u015fmas\u0131 ve Moskova\u2019da \u00c7aykovsky Yar\u0131\u015fmas\u0131\u2019n\u0131 kazand\u0131\u011f\u0131 gen\u00e7 ya\u015f\u0131nda dikkat \u00e7ekmeyi ba\u015farm\u0131\u015ft\u0131r. Birlikte \u00e7al\u0131\u015ft\u0131\u011f\u0131, Leonard Bernstein\u2019\u0131n \u015fef batonunu hediye alma \u015ferefine ula\u015fan ve Lorin Maazel ile Israel Gusman gibi ustalarla da \u015feflik \u00e7al\u0131\u015fan sanat\u00e7\u0131; Rusya Ulusal Orkestras\u0131&#8217;n\u0131n m\u00fczik y\u00f6netmenli\u011fi ve Daimi \u015eefli\u011fi g\u00f6revlerini y\u00fcr\u00fctmektedir. D\u00fcnyan\u0131n \u00f6nde gelen yar\u0131\u015fmalar\u0131nda j\u00fcri \u00fcyesi olarak g\u00f6rev alan, Solist ve Orkestra \u015eefi olarak elliye yak\u0131n alb\u00fcm\u00fc d\u00fcnyan\u0131n \u00f6nde gelen kay\u0131t firmas\u0131nca yay\u0131nlanan Spivakov, Moskova Virt\u00fc\u00f6zleri&#8217;nin kurucusu, \u015fefi ve solist kemanc\u0131s\u0131d\u0131r. Ba\u015fta, A. Schnittke, R. Shchedrin, A. P\u00e4rt, I. Schwartz, V. Artyomov gibi se\u00e7kin isimler olmak \u00fczere bir\u00e7ok bestecinin eser ithaf etti\u011fi sanat\u00e7\u0131, UNESCO taraf\u0131ndan Bar\u0131\u015f Sanat\u00e7\u0131s\u0131 olarak ilan edilmi\u015f ve Mozart Alt\u0131n Madalyas\u0131\u2019na lay\u0131k g\u00f6r\u00fclm\u00fc\u015ft\u00fcr. 1994 y\u0131l\u0131nda kurdu\u011fu Vladimir Spivakov Uluslararas\u0131 Yard\u0131m Vakf\u0131 sayesinde, ameliyat gereken hastalar\u0131n tedavisini \u00fcstlenme, yetenekli \u00f6\u011frencilere profesyonel \u00e7alg\u0131 arma\u011fan\u0131, konser olanaklar\u0131 sa\u011flama gibi sosyal yard\u0131mlara \u00f6nc\u00fcl\u00fck etmektedir.[\/vc_column_text][\/vc_column][\/vc_row]<\/p>\n","protected":false},"excerpt":{"rendered":"<p>[vc_row row_type=&#8221;row&#8221; use_row_as_full_screen_section=&#8221;no&#8221; type=&#8221;full_width&#8221; text_align=&#8221;left&#8221; background_animation=&#8221;none&#8221; css_animation=&#8221;&#8221;][vc_column width=&#8221;1\/4&#8243;][vc_single_image image=&#8221;22194&#8243; img_size=&#8221;large&#8221; qode_css_animation=&#8221;&#8221;][\/vc_column][vc_column width=&#8221;3\/4&#8243;][vc_column_text]New York Times\u2019\u0131n, hen\u00fcz gen\u00e7 ya\u015fta \u201cOla\u011fan\u00fcst\u00fc ve S\u0131rad\u0131\u015f\u0131 Sanat\u00e7\u0131\u201d, \u201cBir M\u00fctevaz\u0131 Usta\u201d olarak niteledi\u011fi Vladimir Spivakov, m\u00fczik ve sosyal ya\u015fam\u0131nda dikkat \u00e7ekici d\u00fczeyde yetene\u011fi g\u00f6zlenen bir sanat\u00e7\u0131 olarak, D\u00fcnya\u2019n\u0131n gelmi\u015f ge\u00e7mi\u015f en b\u00fcy\u00fck&#8230;<\/p>\n","protected":false},"author":1,"featured_media":0,"parent":0,"menu_order":0,"comment_status":"closed","ping_status":"closed","template":"","meta":[],"_links":{"self":[{"href":"http:\/\/turkishrussianfestival.com\/index.php?rest_route=\/wp\/v2\/pages\/21624"}],"collection":[{"href":"http:\/\/turkishrussianfestival.com\/index.php?rest_route=\/wp\/v2\/pages"}],"about":[{"href":"http:\/\/turkishrussianfestival.com\/index.php?rest_route=\/wp\/v2\/types\/page"}],"author":[{"embeddable":true,"href":"http:\/\/turkishrussianfestival.com\/index.php?rest_route=\/wp\/v2\/users\/1"}],"replies":[{"embeddable":true,"href":"http:\/\/turkishrussianfestival.com\/index.php?rest_route=%2Fwp%2Fv2%2Fcomments&post=21624"}],"version-history":[{"count":8,"href":"http:\/\/turkishrussianfestival.com\/index.php?rest_route=\/wp\/v2\/pages\/21624\/revisions"}],"predecessor-version":[{"id":22200,"href":"http:\/\/turkishrussianfestival.com\/index.php?rest_route=\/wp\/v2\/pages\/21624\/revisions\/22200"}],"wp:attachment":[{"href":"http:\/\/turkishrussianfestival.com\/index.php?rest_route=%2Fwp%2Fv2%2Fmedia&parent=21624"}],"curies":[{"name":"wp","href":"https:\/\/api.w.org\/{rel}","templated":true}]}}