{"id":21618,"date":"2019-02-17T13:54:23","date_gmt":"2019-02-17T13:54:23","guid":{"rendered":"http:\/\/nightsofnorthcyprus.com\/TURKRUS\/?page_id=21618"},"modified":"2019-02-27T19:17:14","modified_gmt":"2019-02-27T19:17:14","slug":"side-antik-tiyatrosu","status":"publish","type":"page","link":"http:\/\/turkishrussianfestival.com\/?page_id=21618","title":{"rendered":"S\u0130DE ANT\u0130K T\u0130YATROSU"},"content":{"rendered":"<p>[vc_row row_type=&#8221;row&#8221; use_row_as_full_screen_section=&#8221;no&#8221; type=&#8221;full_width&#8221; text_align=&#8221;left&#8221; background_animation=&#8221;none&#8221; css_animation=&#8221;&#8221;][vc_column][vc_single_image image=&#8221;22239&#8243; img_size=&#8221;full&#8221; qode_css_animation=&#8221;&#8221;][vc_empty_space][vc_column_text]Side antik d\u00f6nemde Pamfilya B\u00f6lgesinin en \u00f6nemli liman kentidir. Side Antik Kenti , Antalya\u2019n\u0131n Manavgat \u0130l\u00e7esi&#8217;nin sahil kesiminde bir yar\u0131m ada \u00fczerinde kurulmu\u015ftur. M.\u00d6. 8 yy dayanan bir tarihe sahiptir. Side Antik Tiyatrosu, Side Antik Kenti\u2019nin yer ald\u0131\u011f\u0131 yar\u0131madan\u0131n darald\u0131\u011f\u0131 kesimde ve kentin merkezinde yer almaktad\u0131r. Cavean\u0131n (oturma s\u0131ralar\u0131) diazomaya (basamaklar\u0131n ortas\u0131ndaki yol) kadar olan k\u0131sm\u0131 bir yamaca yaslanm\u0131\u015f; \u00fcst k\u0131s\u0131m ise tonozlar \u00fczerinde e\u011fimli olarak \u015fekillendirilmi\u015f d\u00fczleme oturtulmu\u015ftur. Tiyatro bu \u00f6zelli\u011fi ile Anadolu\u2019nun tekil \u00f6rneklerindendir. Sahne binas\u0131 \u00fc\u00e7 katl\u0131d\u0131r. S\u00fcslemelerinde Antoninler D\u00f6nemi barok \u00f6zelli\u011fi g\u00f6r\u00fclmektedir. Birinci kat\u0131n podyumunda Dionysos Frizi yer al\u0131r. Frizde \u015farap tanr\u0131s\u0131 ve tiyatronun h\u00e2kimi Dionysos\u2019un hayat\u0131, bat\u0131dan do\u011fuya do\u011fru kronolojik olarak anlat\u0131lmakta ve do\u011fu u\u00e7ta Gigantomakhia ile sonu\u00e7lanmaktad\u0131r. Sahne binas\u0131n\u0131n cephesi, mimari s\u00fcslemeler ve heykellerle olduk\u00e7a hareketlendirilmi\u015ftir.[\/vc_column_text][vc_empty_space][\/vc_column][\/vc_row]<\/p>\n","protected":false},"excerpt":{"rendered":"<p>[vc_row row_type=&#8221;row&#8221; use_row_as_full_screen_section=&#8221;no&#8221; type=&#8221;full_width&#8221; text_align=&#8221;left&#8221; background_animation=&#8221;none&#8221; css_animation=&#8221;&#8221;][vc_column][vc_single_image image=&#8221;22239&#8243; img_size=&#8221;full&#8221; qode_css_animation=&#8221;&#8221;][vc_empty_space][vc_column_text]Side antik d\u00f6nemde Pamfilya B\u00f6lgesinin en \u00f6nemli liman kentidir. Side Antik Kenti , Antalya\u2019n\u0131n Manavgat \u0130l\u00e7esi&#8217;nin sahil kesiminde bir yar\u0131m ada \u00fczerinde kurulmu\u015ftur. M.\u00d6. 8 yy dayanan bir tarihe sahiptir. Side Antik Tiyatrosu, Side Antik Kenti\u2019nin&#8230;<\/p>\n","protected":false},"author":1,"featured_media":0,"parent":0,"menu_order":0,"comment_status":"closed","ping_status":"closed","template":"","meta":[],"_links":{"self":[{"href":"http:\/\/turkishrussianfestival.com\/index.php?rest_route=\/wp\/v2\/pages\/21618"}],"collection":[{"href":"http:\/\/turkishrussianfestival.com\/index.php?rest_route=\/wp\/v2\/pages"}],"about":[{"href":"http:\/\/turkishrussianfestival.com\/index.php?rest_route=\/wp\/v2\/types\/page"}],"author":[{"embeddable":true,"href":"http:\/\/turkishrussianfestival.com\/index.php?rest_route=\/wp\/v2\/users\/1"}],"replies":[{"embeddable":true,"href":"http:\/\/turkishrussianfestival.com\/index.php?rest_route=%2Fwp%2Fv2%2Fcomments&post=21618"}],"version-history":[{"count":7,"href":"http:\/\/turkishrussianfestival.com\/index.php?rest_route=\/wp\/v2\/pages\/21618\/revisions"}],"predecessor-version":[{"id":22362,"href":"http:\/\/turkishrussianfestival.com\/index.php?rest_route=\/wp\/v2\/pages\/21618\/revisions\/22362"}],"wp:attachment":[{"href":"http:\/\/turkishrussianfestival.com\/index.php?rest_route=%2Fwp%2Fv2%2Fmedia&parent=21618"}],"curies":[{"name":"wp","href":"https:\/\/api.w.org\/{rel}","templated":true}]}}