{"id":21360,"date":"2019-01-27T12:19:34","date_gmt":"2019-01-27T12:19:34","guid":{"rendered":"http:\/\/nightsofnorthcyprus.com\/TURKRUS\/?page_id=21360"},"modified":"2019-03-04T14:21:15","modified_gmt":"2019-03-04T14:21:15","slug":"bilet-satis","status":"publish","type":"page","link":"http:\/\/turkishrussianfestival.com\/?page_id=21360","title":{"rendered":"B\u0130LET SATI\u015e"},"content":{"rendered":"<p>[vc_row row_type=&#8221;row&#8221; use_row_as_full_screen_section=&#8221;no&#8221; type=&#8221;full_width&#8221; text_align=&#8221;left&#8221; background_animation=&#8221;none&#8221; css_animation=&#8221;&#8221;][vc_column width=&#8221;1\/2&#8243;][vc_column_text]<\/p>\n<section id=\"bilet\" class=\"ticket\">\n<div class=\"container\">\n<div class=\"ticket-desc\">\n<p><span style=\"color: #000000;\">Biletlerinizi anla\u015fmal\u0131 sat\u0131\u015f noktalar\u0131ndan temin edebilir veya<\/span><br \/>\n<span style=\"color: #000000;\">biletlerinizi biletix \u00fczerinden sat\u0131n almak i\u00e7in yandaki butona t\u0131klayabilirsiniz.\u00a0<\/span><\/p>\n<p>&nbsp;<\/p>\n<p><span style=\"color: #000000;\">T\u00fcrk Rus Klasik M\u00fczik Festivali\u2019nin tek konser biletleri 100 TL\u2019den, t\u00fcm konserleri kapsayan kombine biletleri ise 200 TL\u2019den Biletix gi\u015felerinden ya da www.biletix.com adresinden al\u0131nabilir.<\/span><\/p>\n<\/div>\n<\/div>\n<\/section>\n<p>[\/vc_column_text][vc_empty_space][vc_column_text]<\/p>\n<section id=\"bilet\" class=\"ticket\">\n<div class=\"container\">\n<div class=\"ticket-desc\"><\/div>\n<h3>Biletix Sat\u0131\u015f Noktalar\u0131<\/h3>\n<\/div>\n<\/section>\n<p>[\/vc_column_text][vc_empty_space][\/vc_column][vc_column width=&#8221;1\/2&#8243;]<a href=\"http:\/\/www.biletix.com\/etkinlik-grup\/188120854\/TURKIYE\/tr\" target=\"_blank\" data-hover-background-color=#dd3333 data-hover-color=#ffffff class=\"qbutton  big_large_full_width qbutton_with_icon\" style=\"\">B\u0130LET\u0130X<i class=\"button_icon  fa fa-ticket\" style=\"\"><\/i><\/a>[\/vc_column][\/vc_row][vc_row row_type=&#8221;row&#8221; use_row_as_full_screen_section=&#8221;no&#8221; type=&#8221;full_width&#8221; text_align=&#8221;left&#8221; background_animation=&#8221;none&#8221; css_animation=&#8221;&#8221;][vc_column width=&#8221;1\/2&#8243;][vc_column_text]<\/p>\n<section id=\"bilet\" class=\"ticket\">\n<div class=\"container\">\n<div class=\"ticket-desc\">\n<div class=\"container\">\n<div class=\"sales-locations\">\n<p><span style=\"color: #333333;\"><strong>Shemall AVM<\/strong><\/span><\/p>\n<div class=\"location\">\n<div class=\"location-info\">\n<div class=\"address\"><span style=\"color: #333333;\">Fener Mah. Tekelio\u011flu Cad No: 3 (Medical Park Yan\u0131)<\/span><\/div>\n<div class=\"address\"><span style=\"color: #333333;\">Lara \/ Antalya<\/span><\/div>\n<\/div>\n<\/div>\n<\/div>\n<\/div>\n<\/div>\n<\/div>\n<\/section>\n<p>[\/vc_column_text][vc_gmaps link=&#8221;#E-8_JTNDaWZyYW1lJTIwc3JjJTNEJTIyaHR0cHMlM0ElMkYlMkZ3d3cuZ29vZ2xlLmNvbSUyRm1hcHMlMkZlbWJlZCUzRnBiJTNEJTIxMW0xOCUyMTFtMTIlMjExbTMlMjExZDMxOTIuMzkzMDI2NDkxOTc3NyUyMTJkMzAuNzQ0MzY0MzE1NDQ4OTQ4JTIxM2QzNi44NTcwMTAyNzIxOTkwNTUlMjEybTMlMjExZjAlMjEyZjAlMjEzZjAlMjEzbTIlMjExaTEwMjQlMjEyaTc2OCUyMTRmMTMuMSUyMTNtMyUyMTFtMiUyMTFzMHgxNGMzOWFlNjczNzIxZmUxJTI1M0EweDVlNWYxYTM3MTM0NjU1OTIlMjEyc1NoZW1hbGwlMkJTaG9wcGluZyUyQkNlbnRlciUyMTVlMCUyMTNtMiUyMTFzZW4lMjEyc3RyJTIxNHYxNTUwMjY1MTc4MDQ4JTIyJTIwd2lkdGglM0QlMjI2MDAlMjIlMjBoZWlnaHQlM0QlMjI0NTAlMjIlMjBmcmFtZWJvcmRlciUzRCUyMjAlMjIlMjBzdHlsZSUzRCUyMmJvcmRlciUzQTAlMjIlMjBhbGxvd2Z1bGxzY3JlZW4lM0UlM0MlMkZpZnJhbWUlM0U=&#8221;][vc_empty_space][\/vc_column][vc_column width=&#8221;1\/2&#8243;][vc_column_text]<\/p>\n<section id=\"bilet\" class=\"ticket\">\n<div class=\"container\">\n<div class=\"ticket-desc\">\n<div class=\"container\">\n<div class=\"sales-locations\">\n<div class=\"container\">\n<div class=\"sales-locations\">\n<div class=\"location\">\n<div class=\"location-title\"><span style=\"color: #333333;\"><strong>Baylan Store &#8211; Terracity AVM<\/strong><\/span><\/div>\n<div class=\"location-info\">\n<div class=\"address\"><span style=\"color: #333333;\">Fener Mahallesi Tekelio\u011flu Caddesi, Kat: -1, No: 55<\/span><\/div>\n<div class=\"address\"><span style=\"color: #333333;\">Muratpa\u015fa \/ Antalya<\/span><\/div>\n<\/div>\n<\/div>\n<\/div>\n<\/div>\n<\/div>\n<\/div>\n<\/div>\n<\/div>\n<\/section>\n<p>[\/vc_column_text][vc_gmaps link=&#8221;#E-8_JTNDaWZyYW1lJTIwc3JjJTNEJTIyaHR0cHMlM0ElMkYlMkZ3d3cuZ29vZ2xlLmNvbSUyRm1hcHMlMkZlbWJlZCUzRnBiJTNEJTIxMW0xOCUyMTFtMTIlMjExbTMlMjExZDMxOTIuNTgwODUwNzA5NTg3JTIxMmQzMC43NTUwMzMzMTU0NDg3NjMlMjEzZDM2Ljg1MjUxMzI3MjQ1MjYzJTIxMm0zJTIxMWYwJTIxMmYwJTIxM2YwJTIxM20yJTIxMWkxMDI0JTIxMmk3NjglMjE0ZjEzLjElMjEzbTMlMjExbTIlMjExczB4MTRjMzlhZTIyMTMzOWM5NyUyNTNBMHgxZGMxM2Y2ZTdlODgzMDdiJTIxMnNUZXJyYUNpdHklMjE1ZTAlMjEzbTIlMjExc2VuJTIxMnN0ciUyMTR2MTU1MDI2NTIzMDU2MSUyMiUyMHdpZHRoJTNEJTIyNjAwJTIyJTIwaGVpZ2h0JTNEJTIyNDUwJTIyJTIwZnJhbWVib3JkZXIlM0QlMjIwJTIyJTIwc3R5bGUlM0QlMjJib3JkZXIlM0EwJTIyJTIwYWxsb3dmdWxsc2NyZWVuJTNFJTNDJTJGaWZyYW1lJTNF&#8221;][vc_empty_space][\/vc_column][\/vc_row][vc_row row_type=&#8221;row&#8221; use_row_as_full_screen_section=&#8221;no&#8221; type=&#8221;full_width&#8221; text_align=&#8221;left&#8221; background_animation=&#8221;none&#8221; css_animation=&#8221;&#8221;][vc_column][vc_column_text]\u2022 Etkinlik mekan\u0131na 7 ya\u015f\u0131ndan k\u00fc\u00e7\u00fckler al\u0131nmayacakt\u0131r. 7 Ya\u015f ve \u00fczeri tam bilete tabidir.<br \/>\n\u2022 Etkinlikler, Side Antik Tiyatrosu\u2019nda ger\u00e7ekle\u015fecektir ve yerler numaras\u0131zd\u0131r.<br \/>\n\u2022 Etkinlik mekan\u0131na yiyecek &amp; i\u00e7ecek ve profesyonel ses &amp; g\u00f6r\u00fcnt\u00fc kay\u0131t cihazlar\u0131 al\u0131nmayacakt\u0131r.<br \/>\n\u2022 Kay\u0131p veya unutulan biletler i\u00e7in yeniden bas\u0131m \/ teslimat yap\u0131lmayacakt\u0131r. Etkinlik mekan\u0131na giri\u015f esnas\u0131nda biletinizi ibraz etmeniz zorunludur.<br \/>\n\u2022 Kombine bilet festival s\u00fcresince ger\u00e7ekle\u015fecek t\u00fcm etkinlikler i\u00e7in ge\u00e7erlidir. Kombine biletinizi festival s\u00fcresince saklay\u0131n\u0131z. Her etkinlik giri\u015finde kombine bilet ibraz\u0131 zorunludur.<br \/>\n\u2022 \u0130ade veya de\u011fi\u015fiklik yap\u0131lmayacakt\u0131r.<br \/>\n\u2022 Organizasyon etkinlik i\u00e7in uygun g\u00f6rmedi\u011fi ki\u015fileri bilet bedelini iade ederek etkinlik mekan\u0131na almama hakk\u0131na sahiptir.<br \/>\n\u2022 Organizasyon festival program\u0131nda de\u011fi\u015fiklik yapma hakk\u0131n\u0131 sakl\u0131 tutar.[\/vc_column_text][vc_empty_space][\/vc_column][\/vc_row]<\/p>\n","protected":false},"excerpt":{"rendered":"<p>[vc_row row_type=&#8221;row&#8221; use_row_as_full_screen_section=&#8221;no&#8221; type=&#8221;full_width&#8221; text_align=&#8221;left&#8221; background_animation=&#8221;none&#8221; css_animation=&#8221;&#8221;][vc_column width=&#8221;1\/2&#8243;][vc_column_text] Biletlerinizi anla\u015fmal\u0131 sat\u0131\u015f noktalar\u0131ndan temin edebilir veya biletlerinizi biletix \u00fczerinden sat\u0131n almak i\u00e7in yandaki butona t\u0131klayabilirsiniz.\u00a0 &nbsp; T\u00fcrk Rus Klasik M\u00fczik Festivali\u2019nin tek konser biletleri 100 TL\u2019den, t\u00fcm konserleri kapsayan kombine biletleri ise 200 TL\u2019den Biletix gi\u015felerinden&#8230;<\/p>\n","protected":false},"author":1,"featured_media":0,"parent":0,"menu_order":0,"comment_status":"closed","ping_status":"closed","template":"","meta":[],"_links":{"self":[{"href":"http:\/\/turkishrussianfestival.com\/index.php?rest_route=\/wp\/v2\/pages\/21360"}],"collection":[{"href":"http:\/\/turkishrussianfestival.com\/index.php?rest_route=\/wp\/v2\/pages"}],"about":[{"href":"http:\/\/turkishrussianfestival.com\/index.php?rest_route=\/wp\/v2\/types\/page"}],"author":[{"embeddable":true,"href":"http:\/\/turkishrussianfestival.com\/index.php?rest_route=\/wp\/v2\/users\/1"}],"replies":[{"embeddable":true,"href":"http:\/\/turkishrussianfestival.com\/index.php?rest_route=%2Fwp%2Fv2%2Fcomments&post=21360"}],"version-history":[{"count":34,"href":"http:\/\/turkishrussianfestival.com\/index.php?rest_route=\/wp\/v2\/pages\/21360\/revisions"}],"predecessor-version":[{"id":22506,"href":"http:\/\/turkishrussianfestival.com\/index.php?rest_route=\/wp\/v2\/pages\/21360\/revisions\/22506"}],"wp:attachment":[{"href":"http:\/\/turkishrussianfestival.com\/index.php?rest_route=%2Fwp%2Fv2%2Fmedia&parent=21360"}],"curies":[{"name":"wp","href":"https:\/\/api.w.org\/{rel}","templated":true}]}}