{"id":21358,"date":"2019-01-27T12:19:22","date_gmt":"2019-01-27T12:19:22","guid":{"rendered":"http:\/\/nightsofnorthcyprus.com\/TURKRUS\/?page_id=21358"},"modified":"2019-05-27T11:41:16","modified_gmt":"2019-05-27T11:41:16","slug":"basin","status":"publish","type":"page","link":"http:\/\/turkishrussianfestival.com\/?page_id=21358","title":{"rendered":"BASIN"},"content":{"rendered":"<p>[vc_row row_type=&#8221;row&#8221; use_row_as_full_screen_section=&#8221;no&#8221; type=&#8221;full_width&#8221; text_align=&#8221;left&#8221; background_animation=&#8221;none&#8221; css_animation=&#8221;&#8221;][vc_column][vc_column_text]<\/p>\n<h5>Genel Bas\u0131n Kiti:<a href=\"http:\/\/turkishrussianfestival.com\/BASIN-KITI-TR.zip\" target=\"_blank\" rel=\"noopener noreferrer\">\u00a0\u0130ND\u0130RMEK \u0130\u00c7\u0130N TIKLAYIN.<\/a><\/h5>\n<p>[\/vc_column_text][vc_column_text]<\/p>\n<h5>8 May\u0131s 2019 Bas\u0131n Kiti:<a href=\"http:\/\/turkishrussianfestival.com\/BASIN-KITI-TR-8-MAYIS.zip\" target=\"_blank\" rel=\"noopener noreferrer\">\u00a0\u0130ND\u0130RMEK \u0130\u00c7\u0130N TIKLAYIN.<\/a><\/h5>\n<p>[\/vc_column_text][vc_column_text]<\/p>\n<h5>11 May\u0131s 2019 Bas\u0131n Kiti:<a href=\"http:\/\/turkishrussianfestival.com\/BASIN-KITI-TR-11-MAYIS.zip\" target=\"_blank\" rel=\"noopener noreferrer\">\u00a0\u0130ND\u0130RMEK \u0130\u00c7\u0130N TIKLAYIN.<\/a><\/h5>\n<p>[\/vc_column_text][\/vc_column][\/vc_row][vc_row row_type=&#8221;row&#8221; use_row_as_full_screen_section=&#8221;no&#8221; type=&#8221;full_width&#8221; text_align=&#8221;left&#8221; background_animation=&#8221;none&#8221; css_animation=&#8221;&#8221;][vc_column][vc_separator type=&#8221;normal&#8221; border_style=&#8221;&#8221;][\/vc_column][\/vc_row][vc_row row_type=&#8221;row&#8221; use_row_as_full_screen_section=&#8221;no&#8221; type=&#8221;full_width&#8221; text_align=&#8221;left&#8221; background_animation=&#8221;none&#8221; css_animation=&#8221;&#8221;][vc_column][vc_column_text]<\/p>\n<h3><span style=\"color: #000000;\"><strong>T\u00fcrk Rus Klasik M\u00fczik Festivali, Antalya Side Antik Tiyatrosu\u2019nda ba\u015fl\u0131yor<\/strong><\/span><\/h3>\n<p>&nbsp;<\/p>\n<p><span style=\"color: #000000;\">T\u00fcrkiye\u2019nin turizm ba\u015fkenti olarak g\u00f6sterilen ve Rus turistler taraf\u0131ndan yo\u011fun ilgi g\u00f6ren Antalya; 7-9-11 May\u0131s tarihlerinde Side Antik Tiyatrosu\u2019nda ilk kez d\u00fczenlenecek olan T\u00fcrk Rus Klasik M\u00fczik Festivali\u2019ne ev sahipli\u011fi yapmaya haz\u0131rlan\u0131yor.<\/span><\/p>\n<p>&nbsp;<\/p>\n<p><span style=\"color: #000000;\">Festival, iki \u00fclke taraf\u0131ndan \u201cT\u00fcrk \u2013 Rus K\u00fclt\u00fcr ve Turizm Y\u0131l\u0131\u201d ilan edilen 2019\u2019un, iki \u00fclkenin dostlu\u011funu daha da peki\u015ftirmesi ve k\u00f6kleri \u00e7ok eskilere dayanan bu dostlu\u011fu m\u00fczikle sergilemek amac\u0131yla; \u00a0k\u00fclt\u00fcr, \u00a0sanat, \u00a0tarih, do\u011fa, spor gibi bir\u00e7ok konuda toplum \u00a0yarar\u0131na\u00a0 sosyal sorumluluk projelerini hayata ge\u00e7iren \u00f6nemli turizm gruplar\u0131ndan Barut Hotels taraf\u0131ndan d\u00fczenlenecek.<\/span><\/p>\n<p>&nbsp;<\/p>\n<p><span style=\"color: #000000;\">3000 y\u0131ll\u0131k Side Antik Tiyatrosu\u2019nun etkileyici atmosferinde ger\u00e7ekle\u015fecek olan festivalin Genel Sanat Y\u00f6netmeni; Rusya&#8217;n\u0131n en \u00f6nemli \u00f6d\u00fcllerinden &#8216;Ulusal K\u00fclt\u00fcr Miras\u0131&#8217; \u00f6d\u00fcl\u00fc sahibi ve g\u00fcn\u00fcm\u00fcz\u00fcn en b\u00fcy\u00fck keman sanat\u00e7\u0131lar\u0131 aras\u0131nda yer alan maestro Vladimir Spivakov. Festivalin daimi orkestras\u0131 ise, uluslararas\u0131 \u00f6d\u00fclleri ve d\u00fcnya \u00e7ap\u0131nda yetenekli m\u00fczisyenleri ile tan\u0131nan Moskova Virt\u00fc\u00f6zleri Oda Orkestras\u0131.<\/span><\/p>\n<p>&nbsp;<\/p>\n<p><span style=\"color: #000000;\">\u015eef Vladimir Spivakov ve Moskova Virt\u00fc\u00f6zleri Oda Orkestras\u0131, a\u00e7\u0131l\u0131\u015f konserine, \u201c\u0130ki Dost \u00dclkenin Bestecileri\u201d Nevit Kodall\u0131\u2019n\u0131n \u2018Telli Turna S\u00fciti\u2019 ve \u015eostakovi\u00e7\u2019in \u2018Prel\u00fcd ve Scherzo\u2019 adl\u0131 eserleriyle ba\u015flayacak. Sonras\u0131nda, Avrupa\u2019da \u201cCecilia Bartoli\u2019nin k\u0131z karde\u015fi\u201d olarak an\u0131lan Bol\u015foy Tiyatrosu solisti soprano Anna Aglatova, opera literat\u00fcr\u00fcn\u00fcn en g\u00f6zde aryalar\u0131n\u0131 seslendirecek. \u00a0Ard\u0131ndan;\u00a0 d\u00fcnyaca \u00fcnl\u00fc T\u00fcrk piyanist ve besteci Faz\u0131l Say\u2019\u0131n solistli\u011finde, Mozart\u2019\u0131n \u201812.Piyano Kon\u00e7ertosu\u2019 sanatseverlerle bulu\u015facak. Konser; <strong>7 May\u0131s Sal\u0131<\/strong> <strong>g\u00fcn\u00fc saat 21:15\u2019de<\/strong> Side Antik Tiyatrosu\u2019nda ger\u00e7ekle\u015fecek.<\/span><\/p>\n<p>&nbsp;<\/p>\n<p><span style=\"color: #000000;\"><strong>9 May\u0131s Per\u015fembe<\/strong> <strong>g\u00fcn\u00fc saat 21:15\u2019de<\/strong> ger\u00e7ekle\u015fecek konserde ise Moskova Virt\u00fc\u00f6zleri Oda Orkestras\u0131, bu kez Spivakov\u2019u \u015fef ve solist olarak Vivaldi \u2018Keman Kon\u00e7ertosu\u2019 e\u015fli\u011finde a\u011f\u0131rlayacak. Sonras\u0131nda da Spivakov idaresinde, Rusya\u2019n\u0131n en ba\u015far\u0131l\u0131 fl\u00fct sanat\u00e7\u0131lar\u0131ndan olan Sergey Zhuravel\u2019e Vivaldi\u2019nin \u2018Fl\u00fct Kon\u00e7ertosu\u2019nda e\u015flik edecek. Topluluk konserini, Spivakov idaresinde seslendirece\u011fi, Boccherini ve \u00c7aykovski eserleriyle tamamlayacak.<\/span><\/p>\n<p>&nbsp;<\/p>\n<p><span style=\"color: #000000;\"><strong>11 May\u0131s Cumartesi saat 21:15\u2019de<\/strong> d\u00fczenlenecek \u201cPiazzolla-Gala\u201d isimli kapan\u0131\u015f konserinde ise Maestro Spivakov ve Moskova Virt\u00fc\u00f6zleri Oda Orkestras\u0131, en yetenekli gen\u00e7 ku\u015fak Rus sanat\u00e7\u0131lar aras\u0131nda g\u00f6sterilen akordeon sanat\u00e7\u0131s\u0131 Nikita Vlasov ile orkestran\u0131n kendi \u00fcyeleri olan Moskova Virt\u00fc\u00f6zleri Oda Orkestras\u0131 solistlerine e\u015flik edecek. Y\u00fczy\u0131l\u0131m\u0131z\u0131n romantik eserleri i\u00e7inde daima \u00f6zel bir yeri olan Astor Piazzolla\u2019n\u0131n e\u015fsiz eserlerinden olu\u015facak olan kapan\u0131\u015f konseri ile festival son bulacak.<\/span><\/p>\n<p>&nbsp;<\/p>\n<p><span style=\"color: #000000;\"><strong>Biletler, Biletix&#8217;te sat\u0131\u015fta <\/strong><\/span><\/p>\n<p><span style=\"color: #000000;\"><strong>T\u00fcrk Rus Klasik M\u00fczik Festivali\u2019<\/strong>nin biletleri yurt i\u00e7inde ve yurt d\u0131\u015f\u0131nda Biletix\u2019te sat\u0131\u015fta. Konser biletleri , Biletix gi\u015felerinden ya da <a style=\"color: #000000;\" href=\"http:\/\/www.biletix.com\/\">www.biletix.com<\/a> adresinden al\u0131nabilir.<\/span><\/p>\n<p>&nbsp;<\/p>\n<p><span style=\"color: #000000;\"><a style=\"color: #000000;\" href=\"http:\/\/instagram.com\/turkishrussianfestival\" target=\"_blank\" rel=\"noopener noreferrer\">instagram.com\/turkishrussianfestival<\/a><\/span><br \/>\n<span style=\"color: #000000;\"><a style=\"color: #000000;\" href=\"http:\/\/facebook.com\/turkishrussianfestival\" target=\"_blank\" rel=\"noopener noreferrer\">facebook.com\/turkishrussianfestival<\/a><\/span>[\/vc_column_text][\/vc_column][\/vc_row][vc_row row_type=&#8221;row&#8221; use_row_as_full_screen_section=&#8221;no&#8221; type=&#8221;full_width&#8221; text_align=&#8221;left&#8221; background_animation=&#8221;none&#8221; css_animation=&#8221;&#8221;][vc_column][vc_empty_space][\/vc_column][\/vc_row][vc_row row_type=&#8221;row&#8221; use_row_as_full_screen_section=&#8221;no&#8221; type=&#8221;full_width&#8221; text_align=&#8221;left&#8221; background_animation=&#8221;none&#8221; css_animation=&#8221;&#8221;][vc_column][vc_video link=&#8221;https:\/\/www.youtube.com\/watch?v=NNHGlyM94lA&#8221; align=&#8221;center&#8221;][\/vc_column][\/vc_row][vc_row row_type=&#8221;row&#8221; use_row_as_full_screen_section=&#8221;no&#8221; type=&#8221;full_width&#8221; text_align=&#8221;left&#8221; background_animation=&#8221;none&#8221; css_animation=&#8221;&#8221;][vc_column][vc_empty_space][vc_empty_space][\/vc_column][\/vc_row]<\/p>\n","protected":false},"excerpt":{"rendered":"<p>[vc_row row_type=&#8221;row&#8221; use_row_as_full_screen_section=&#8221;no&#8221; type=&#8221;full_width&#8221; text_align=&#8221;left&#8221; background_animation=&#8221;none&#8221; css_animation=&#8221;&#8221;][vc_column][vc_column_text] Genel Bas\u0131n Kiti:\u00a0\u0130ND\u0130RMEK \u0130\u00c7\u0130N TIKLAYIN. [\/vc_column_text][vc_column_text] 8 May\u0131s 2019 Bas\u0131n Kiti:\u00a0\u0130ND\u0130RMEK \u0130\u00c7\u0130N TIKLAYIN. [\/vc_column_text][vc_column_text] 11 May\u0131s 2019 Bas\u0131n Kiti:\u00a0\u0130ND\u0130RMEK \u0130\u00c7\u0130N TIKLAYIN. [\/vc_column_text][\/vc_column][\/vc_row][vc_row row_type=&#8221;row&#8221; use_row_as_full_screen_section=&#8221;no&#8221; type=&#8221;full_width&#8221; text_align=&#8221;left&#8221; background_animation=&#8221;none&#8221; css_animation=&#8221;&#8221;][vc_column][vc_separator type=&#8221;normal&#8221; border_style=&#8221;&#8221;][\/vc_column][\/vc_row][vc_row row_type=&#8221;row&#8221; use_row_as_full_screen_section=&#8221;no&#8221; type=&#8221;full_width&#8221; text_align=&#8221;left&#8221; background_animation=&#8221;none&#8221; css_animation=&#8221;&#8221;][vc_column][vc_column_text] T\u00fcrk Rus&#8230;<\/p>\n","protected":false},"author":1,"featured_media":0,"parent":0,"menu_order":0,"comment_status":"closed","ping_status":"closed","template":"","meta":[],"_links":{"self":[{"href":"http:\/\/turkishrussianfestival.com\/index.php?rest_route=\/wp\/v2\/pages\/21358"}],"collection":[{"href":"http:\/\/turkishrussianfestival.com\/index.php?rest_route=\/wp\/v2\/pages"}],"about":[{"href":"http:\/\/turkishrussianfestival.com\/index.php?rest_route=\/wp\/v2\/types\/page"}],"author":[{"embeddable":true,"href":"http:\/\/turkishrussianfestival.com\/index.php?rest_route=\/wp\/v2\/users\/1"}],"replies":[{"embeddable":true,"href":"http:\/\/turkishrussianfestival.com\/index.php?rest_route=%2Fwp%2Fv2%2Fcomments&post=21358"}],"version-history":[{"count":27,"href":"http:\/\/turkishrussianfestival.com\/index.php?rest_route=\/wp\/v2\/pages\/21358\/revisions"}],"predecessor-version":[{"id":22605,"href":"http:\/\/turkishrussianfestival.com\/index.php?rest_route=\/wp\/v2\/pages\/21358\/revisions\/22605"}],"wp:attachment":[{"href":"http:\/\/turkishrussianfestival.com\/index.php?rest_route=%2Fwp%2Fv2%2Fmedia&parent=21358"}],"curies":[{"name":"wp","href":"https:\/\/api.w.org\/{rel}","templated":true}]}}